{"id":464113,"date":"2025-06-01T00:56:36","date_gmt":"2025-05-31T22:56:36","guid":{"rendered":"https:\/\/lucacastelli.com\/prodotto\/ap-guerteltasche-mit-anschlusskabel\/"},"modified":"2025-06-28T19:09:01","modified_gmt":"2025-06-28T17:09:01","slug":"ap-guerteltasche-mit-anschlusskabel","status":"publish","type":"product","link":"https:\/\/lucacastelli.com\/de\/produkt\/ap-guerteltasche-mit-anschlusskabel\/","title":{"rendered":"STIHL AP G\u00fcrteltasche mit Anschlusskabel"},"content":{"rendered":"<p>Erm\u00f6glicht die \u00dcbertragung von Strom aus dem STIHL AP Akku auf ein Ger\u00e4t mit Steckdose. Er kann mit dem Tragesystem mit Akkugurt und Schultergurt verwendet werden. Kabell\u00e4nge 120 cm. Mit integrierter Elektronik zur Deaktivierung bei \u00dcberlast und akustischer Signalisierung.<br \/>\n886661512232   <\/p>\n","protected":false},"excerpt":{"rendered":"<p>AP G\u00fcrteltasche mit Anschlusskabel<\/p>\n","protected":false},"featured_media":431380,"template":"","meta":{"_seopress_robots_primary_cat":"","_seopress_titles_title":"","_seopress_titles_desc":"","_seopress_robots_index":""},"product_brand":[3554],"product_cat":[169,1449],"product_tag":[3266],"class_list":{"0":"post-464113","1":"product","2":"type-product","3":"status-publish","4":"has-post-thumbnail","6":"product_brand-stihl-de","7":"product_cat-maschinen","8":"product_cat-batteriesysteme-zubehor","9":"product_tag-import-stihl-de","10":"sws-gruppo-macchinari-de","11":"sws-conto-ricavi-merci-rivendita-macchinari-de","12":"sws-gruppo-iva-iva81-de","14":"first","15":"onbackorder","16":"purchasable","17":"product-type-simple"},"_links":{"self":[{"href":"https:\/\/lucacastelli.com\/de\/wp-json\/wp\/v2\/product\/464113","targetHints":{"allow":["GET"]}}],"collection":[{"href":"https:\/\/lucacastelli.com\/de\/wp-json\/wp\/v2\/product"}],"about":[{"href":"https:\/\/lucacastelli.com\/de\/wp-json\/wp\/v2\/types\/product"}],"wp:featuredmedia":[{"embeddable":true,"href":"https:\/\/lucacastelli.com\/de\/wp-json\/wp\/v2\/media\/431380"}],"wp:attachment":[{"href":"https:\/\/lucacastelli.com\/de\/wp-json\/wp\/v2\/media?parent=464113"}],"wp:term":[{"taxonomy":"product_brand","embeddable":true,"href":"https:\/\/lucacastelli.com\/de\/wp-json\/wp\/v2\/product_brand?post=464113"},{"taxonomy":"product_cat","embeddable":true,"href":"https:\/\/lucacastelli.com\/de\/wp-json\/wp\/v2\/product_cat?post=464113"},{"taxonomy":"product_tag","embeddable":true,"href":"https:\/\/lucacastelli.com\/de\/wp-json\/wp\/v2\/product_tag?post=464113"}],"curies":[{"name":"wp","href":"https:\/\/api.w.org\/{rel}","templated":true}]}}