{"id":464112,"date":"2025-06-01T00:55:52","date_gmt":"2025-05-31T22:55:52","guid":{"rendered":"https:\/\/lucacastelli.com\/prodotto\/ap-300-s\/"},"modified":"2026-04-15T11:38:23","modified_gmt":"2026-04-15T09:38:23","slug":"ap-300-s","status":"publish","type":"product","link":"https:\/\/lucacastelli.com\/de\/produkt\/ap-300-s\/","title":{"rendered":"STIHL AP 300 S"},"content":{"rendered":"<p>pMit dem Akku STIHL AP 300 S und integriertem Connector k\u00f6nnen Akku-Daten zentral erfasst und gespeichert werden. So behalten Sie stets den \u00dcberblick \u00fcber Ihre Akkus. Mit STIHL connected lassen sich Energieverbrauch, t\u00e4gliche Nutzungszeit und Gesundheitszustand des Akkus analysieren. \u00dcber ein Smartphone oder die STIHL Connected Box kann die letzte bekannte GPS-Position des Akkus AP 300 S angezeigt werden. Befinden sich alle Akkus in Bluetooth\u00a9-Reichweite, etwa im Au\u00dfeneinsatz, werden sie in der STIHL connected App angezeigt. Zudem l\u00e4sst sich pr\u00fcfen, ob alle Akkus ordnungsgem\u00e4\u00df verstaut und gelagert wurden.\/p<br \/>\n886661553815<\/p>\n<p>Nennspannung 36,0<br \/>\nAkkuzellentechnologie Akkuzellentechnologie<\/p>\n<p>Akkugewicht Akkugewicht<br \/>\nEnergieinhalt 281,00<br \/>\nNennkapazit\u00e4t nach IEC 61960 7,20<\/p>\n","protected":false},"excerpt":{"rendered":"<p>AP 300 S<\/p>\n","protected":false},"featured_media":431352,"template":"","meta":{"_seopress_robots_primary_cat":"none","_seopress_titles_title":"","_seopress_titles_desc":"","_seopress_robots_index":""},"product_brand":[3554],"product_cat":[169,1449],"product_tag":[7415],"class_list":{"0":"post-464112","1":"product","2":"type-product","3":"status-publish","4":"has-post-thumbnail","6":"product_brand-stihl-de","7":"product_cat-maschinen","8":"product_cat-batteriesysteme-zubehor","9":"product_tag-import-stihl-fr","10":"sws-gruppo-macchinari-de","11":"sws-conto-ricavi-merci-rivendita-macchinari-de","12":"sws-gruppo-iva-iva81-de","14":"first","15":"instock","16":"purchasable","17":"product-type-simple"},"_links":{"self":[{"href":"https:\/\/lucacastelli.com\/de\/wp-json\/wp\/v2\/product\/464112","targetHints":{"allow":["GET"]}}],"collection":[{"href":"https:\/\/lucacastelli.com\/de\/wp-json\/wp\/v2\/product"}],"about":[{"href":"https:\/\/lucacastelli.com\/de\/wp-json\/wp\/v2\/types\/product"}],"wp:featuredmedia":[{"embeddable":true,"href":"https:\/\/lucacastelli.com\/de\/wp-json\/wp\/v2\/media\/431352"}],"wp:attachment":[{"href":"https:\/\/lucacastelli.com\/de\/wp-json\/wp\/v2\/media?parent=464112"}],"wp:term":[{"taxonomy":"product_brand","embeddable":true,"href":"https:\/\/lucacastelli.com\/de\/wp-json\/wp\/v2\/product_brand?post=464112"},{"taxonomy":"product_cat","embeddable":true,"href":"https:\/\/lucacastelli.com\/de\/wp-json\/wp\/v2\/product_cat?post=464112"},{"taxonomy":"product_tag","embeddable":true,"href":"https:\/\/lucacastelli.com\/de\/wp-json\/wp\/v2\/product_tag?post=464112"}],"curies":[{"name":"wp","href":"https:\/\/api.w.org\/{rel}","templated":true}]}}