{"id":464107,"date":"2025-06-01T00:55:38","date_gmt":"2025-05-31T22:55:38","guid":{"rendered":"https:\/\/lucacastelli.com\/prodotto\/ap-200-s\/"},"modified":"2026-04-15T19:46:23","modified_gmt":"2026-04-15T17:46:23","slug":"ap-200-s","status":"publish","type":"product","link":"https:\/\/lucacastelli.com\/de\/produkt\/ap-200-s\/","title":{"rendered":"STIHL AP 200 S"},"content":{"rendered":"<p>pMit der STIHL AP 200 S Batterie und integriertem Connector k\u00f6nnen Sie Batteriedaten zentral erfassen und speichern. So behalten Sie stets einen guten \u00dcberblick \u00fcber Ihre Batterien. Mit STIHL connected k\u00f6nnen Sie den Energieverbrauch, die t\u00e4gliche Nutzungszeit und den Gesundheitszustand der Batterie analysieren. Sie k\u00f6nnen ein Smartphone oder die STIHL Connected Box verwenden, um die letzte bekannte GPS-Position der AP 200 S Batterie anzuzeigen. Wenn sich alle Batterien in Bluetooth\u00a9-Reichweite befinden, z. B. bei Verwendung im Freien, werden sie in der STIHL connected App angezeigt. Sie k\u00f6nnen au\u00dferdem \u00fcberpr\u00fcfen, ob alle Batterien ordnungsgem\u00e4\u00df verstaut und gelagert wurden.\/ppnbsp;\/ppnbsp;\/p<br \/>\n886661561216<\/p>\n<p>Nennspannung 36,0<br \/>\nBatteriegewicht Batteriegewicht<\/p>\n<p>Energieinhalt Energieinhalt<br \/>\nNennkapazit\u00e4t nach IEC 61960 4,80<br \/>\nNennkapazit\u00e4t Zelle (laut Herstellerangaben) 2,60<\/p>\n","protected":false},"excerpt":{"rendered":"<p>AP 200 S<\/p>\n","protected":false},"featured_media":431344,"template":"","meta":{"_seopress_robots_primary_cat":"none","_seopress_titles_title":"","_seopress_titles_desc":"","_seopress_robots_index":""},"product_brand":[3366],"product_cat":[29,491],"product_tag":[3265],"class_list":{"0":"post-464107","1":"product","2":"type-product","3":"status-publish","4":"has-post-thumbnail","6":"product_brand-stihl","7":"product_cat-macchinari","8":"product_cat-accessori-sistemi-a-batteria","9":"product_tag-import-stihl","10":"sws-gruppo-macchinari-de","11":"sws-conto-ricavi-merci-rivendita-macchinari-de","12":"sws-gruppo-iva-iva81-de","14":"first","15":"onbackorder","16":"purchasable","17":"product-type-simple"},"_links":{"self":[{"href":"https:\/\/lucacastelli.com\/de\/wp-json\/wp\/v2\/product\/464107","targetHints":{"allow":["GET"]}}],"collection":[{"href":"https:\/\/lucacastelli.com\/de\/wp-json\/wp\/v2\/product"}],"about":[{"href":"https:\/\/lucacastelli.com\/de\/wp-json\/wp\/v2\/types\/product"}],"wp:featuredmedia":[{"embeddable":true,"href":"https:\/\/lucacastelli.com\/de\/wp-json\/wp\/v2\/media\/431344"}],"wp:attachment":[{"href":"https:\/\/lucacastelli.com\/de\/wp-json\/wp\/v2\/media?parent=464107"}],"wp:term":[{"taxonomy":"product_brand","embeddable":true,"href":"https:\/\/lucacastelli.com\/de\/wp-json\/wp\/v2\/product_brand?post=464107"},{"taxonomy":"product_cat","embeddable":true,"href":"https:\/\/lucacastelli.com\/de\/wp-json\/wp\/v2\/product_cat?post=464107"},{"taxonomy":"product_tag","embeddable":true,"href":"https:\/\/lucacastelli.com\/de\/wp-json\/wp\/v2\/product_tag?post=464107"}],"curies":[{"name":"wp","href":"https:\/\/api.w.org\/{rel}","templated":true}]}}