{"id":464105,"date":"2025-06-01T00:56:50","date_gmt":"2025-05-31T22:56:50","guid":{"rendered":"https:\/\/lucacastelli.com\/prodotto\/schulterstuetzsystem\/"},"modified":"2026-03-02T10:08:49","modified_gmt":"2026-03-02T09:08:49","slug":"schulterstuetzsystem","status":"publish","type":"product","link":"https:\/\/lucacastelli.com\/de\/produkt\/schulterstuetzsystem\/","title":{"rendered":"STIHL R\u00fcckentragsystem"},"content":{"rendered":"<p>Bequemer und leichter Rucksack f\u00fcr einen oder zwei AP-Akkus. Verwendbar in Kombination mit einer AP-G\u00fcrteltasche mit Verbindungskabel als Alternative zum R\u00fcckenakku AR. Geeignet f\u00fcr Ger\u00e4te mit Verbindungskabel oder Akkufach.<br \/>\n886661405282  <\/p>\n","protected":false},"excerpt":{"rendered":"<p>R\u00fcckentragsystem<\/p>\n","protected":false},"featured_media":431384,"template":"","meta":{"_seopress_robots_primary_cat":"none","_seopress_titles_title":"","_seopress_titles_desc":"","_seopress_robots_index":""},"product_brand":[3554],"product_cat":[1449,169],"product_tag":[3266],"class_list":{"0":"post-464105","1":"product","2":"type-product","3":"status-publish","4":"has-post-thumbnail","6":"product_brand-stihl-de","7":"product_cat-batteriesysteme-zubehor","8":"product_cat-maschinen","9":"product_tag-import-stihl-de","10":"sws-gruppo-macchinari-de","11":"sws-conto-ricavi-merci-rivendita-macchinari-de","12":"sws-gruppo-iva-iva81-de","14":"first","15":"onbackorder","16":"purchasable","17":"product-type-simple"},"_links":{"self":[{"href":"https:\/\/lucacastelli.com\/de\/wp-json\/wp\/v2\/product\/464105","targetHints":{"allow":["GET"]}}],"collection":[{"href":"https:\/\/lucacastelli.com\/de\/wp-json\/wp\/v2\/product"}],"about":[{"href":"https:\/\/lucacastelli.com\/de\/wp-json\/wp\/v2\/types\/product"}],"wp:featuredmedia":[{"embeddable":true,"href":"https:\/\/lucacastelli.com\/de\/wp-json\/wp\/v2\/media\/431384"}],"wp:attachment":[{"href":"https:\/\/lucacastelli.com\/de\/wp-json\/wp\/v2\/media?parent=464105"}],"wp:term":[{"taxonomy":"product_brand","embeddable":true,"href":"https:\/\/lucacastelli.com\/de\/wp-json\/wp\/v2\/product_brand?post=464105"},{"taxonomy":"product_cat","embeddable":true,"href":"https:\/\/lucacastelli.com\/de\/wp-json\/wp\/v2\/product_cat?post=464105"},{"taxonomy":"product_tag","embeddable":true,"href":"https:\/\/lucacastelli.com\/de\/wp-json\/wp\/v2\/product_tag?post=464105"}],"curies":[{"name":"wp","href":"https:\/\/api.w.org\/{rel}","templated":true}]}}