{"id":464100,"date":"2025-06-01T00:57:18","date_gmt":"2025-05-31T22:57:18","guid":{"rendered":"https:\/\/lucacastelli.com\/prodotto\/akku-gehaeuse-2\/"},"modified":"2026-03-02T10:08:34","modified_gmt":"2026-03-02T09:08:34","slug":"akku-gehaeuse-2","status":"publish","type":"product","link":"https:\/\/lucacastelli.com\/de\/produkt\/akku-gehaeuse-2\/","title":{"rendered":"STIHL Akkutasche"},"content":{"rendered":"<p>Erleichtert den Transport weiterer Akkus oder von Zubeh\u00f6r wie Schutzbrillen, Handschuhen oder Harzl\u00f6ser-Spray. Zur Befestigung am G\u00fcrtel.<br \/>\n795711854119 <\/p>\n","protected":false},"excerpt":{"rendered":"<p>Akkutasche<\/p>\n","protected":false},"featured_media":431393,"template":"","meta":{"_seopress_robots_primary_cat":"none","_seopress_titles_title":"","_seopress_titles_desc":"","_seopress_robots_index":""},"product_brand":[3366],"product_cat":[29,491],"product_tag":[3265],"class_list":{"0":"post-464100","1":"product","2":"type-product","3":"status-publish","4":"has-post-thumbnail","6":"product_brand-stihl","7":"product_cat-macchinari","8":"product_cat-accessori-sistemi-a-batteria","9":"product_tag-import-stihl","10":"sws-gruppo-macchinari-de","11":"sws-conto-ricavi-merci-rivendita-macchinari-de","12":"sws-gruppo-iva-iva81-de","14":"first","15":"onbackorder","16":"purchasable","17":"product-type-simple"},"_links":{"self":[{"href":"https:\/\/lucacastelli.com\/de\/wp-json\/wp\/v2\/product\/464100","targetHints":{"allow":["GET"]}}],"collection":[{"href":"https:\/\/lucacastelli.com\/de\/wp-json\/wp\/v2\/product"}],"about":[{"href":"https:\/\/lucacastelli.com\/de\/wp-json\/wp\/v2\/types\/product"}],"wp:featuredmedia":[{"embeddable":true,"href":"https:\/\/lucacastelli.com\/de\/wp-json\/wp\/v2\/media\/431393"}],"wp:attachment":[{"href":"https:\/\/lucacastelli.com\/de\/wp-json\/wp\/v2\/media?parent=464100"}],"wp:term":[{"taxonomy":"product_brand","embeddable":true,"href":"https:\/\/lucacastelli.com\/de\/wp-json\/wp\/v2\/product_brand?post=464100"},{"taxonomy":"product_cat","embeddable":true,"href":"https:\/\/lucacastelli.com\/de\/wp-json\/wp\/v2\/product_cat?post=464100"},{"taxonomy":"product_tag","embeddable":true,"href":"https:\/\/lucacastelli.com\/de\/wp-json\/wp\/v2\/product_tag?post=464100"}],"curies":[{"name":"wp","href":"https:\/\/api.w.org\/{rel}","templated":true}]}}