{"id":464087,"date":"2025-06-01T01:04:25","date_gmt":"2025-05-31T23:04:25","guid":{"rendered":"https:\/\/lucacastelli.com\/prodotto\/ar-2000-l-set-mit-ap-adapter-und-anschlusskabel\/"},"modified":"2025-12-08T18:06:42","modified_gmt":"2025-12-08T17:06:42","slug":"ar-2000-l-set-mit-ap-adapter-und-anschlusskabel","status":"publish","type":"product","link":"https:\/\/lucacastelli.com\/de\/produkt\/ar-2000-l-set-mit-ap-adapter-und-anschlusskabel\/","title":{"rendered":"STIHL AR 2000 L, Set mit AP-Adapter und Anschlusskabel"},"content":{"rendered":"<p>Lithium-Ionen-Batterien mit hohem Energiegehalt f\u00fcr besonders lange Arbeiten; USB-Anschluss, Bluetooth-Schnittstelle\u00ae zur Verbindung mit STIHL connected. Robuster Koffer mit integriertem Tragegriff und Ladezustandsanzeige<br \/>\n (sechs LEDs). Direkter Kontakt mit RMA 765 V. In Kombination mit dem Tragesystem AR L und dem Anschlusskabel AR L eignen sie sich f\u00fcr Ger\u00e4te mit Steckdose und in Kombination mit dem AP-Adapter f\u00fcr Ger\u00e4te<br \/>\nmit Batteriefach. Kann bei Regen verwendet werden.<br \/>\n886661951611   <\/p>\n<p>LITHIUM-IONEN-Batteriezellentechnologie<\/p>\n","protected":false},"excerpt":{"rendered":"<p>AR 2000 L, Set mit AP-Adapter und Anschlusskabel<\/p>\n","protected":false},"featured_media":431619,"template":"","meta":{"_seopress_robots_primary_cat":"","_seopress_titles_title":"","_seopress_titles_desc":"","_seopress_robots_index":""},"product_brand":[3366],"product_cat":[29,491],"product_tag":[3265],"class_list":{"0":"post-464087","1":"product","2":"type-product","3":"status-publish","4":"has-post-thumbnail","6":"product_brand-stihl","7":"product_cat-macchinari","8":"product_cat-accessori-sistemi-a-batteria","9":"product_tag-import-stihl","10":"sws-gruppo-macchinari-de","11":"sws-conto-ricavi-merci-rivendita-macchinari-de","12":"sws-gruppo-iva-iva81-de","14":"first","15":"onbackorder","16":"purchasable","17":"product-type-simple"},"_links":{"self":[{"href":"https:\/\/lucacastelli.com\/de\/wp-json\/wp\/v2\/product\/464087","targetHints":{"allow":["GET"]}}],"collection":[{"href":"https:\/\/lucacastelli.com\/de\/wp-json\/wp\/v2\/product"}],"about":[{"href":"https:\/\/lucacastelli.com\/de\/wp-json\/wp\/v2\/types\/product"}],"wp:featuredmedia":[{"embeddable":true,"href":"https:\/\/lucacastelli.com\/de\/wp-json\/wp\/v2\/media\/431619"}],"wp:attachment":[{"href":"https:\/\/lucacastelli.com\/de\/wp-json\/wp\/v2\/media?parent=464087"}],"wp:term":[{"taxonomy":"product_brand","embeddable":true,"href":"https:\/\/lucacastelli.com\/de\/wp-json\/wp\/v2\/product_brand?post=464087"},{"taxonomy":"product_cat","embeddable":true,"href":"https:\/\/lucacastelli.com\/de\/wp-json\/wp\/v2\/product_cat?post=464087"},{"taxonomy":"product_tag","embeddable":true,"href":"https:\/\/lucacastelli.com\/de\/wp-json\/wp\/v2\/product_tag?post=464087"}],"curies":[{"name":"wp","href":"https:\/\/api.w.org\/{rel}","templated":true}]}}