{"id":464072,"date":"2025-06-01T01:05:43","date_gmt":"2025-05-31T23:05:43","guid":{"rendered":"https:\/\/lucacastelli.com\/prodotto\/ar-l-anschlusskabel\/"},"modified":"2025-06-28T03:52:49","modified_gmt":"2025-06-28T01:52:49","slug":"ar-l-anschlusskabel","status":"publish","type":"product","link":"https:\/\/lucacastelli.com\/de\/produkt\/ar-l-anschlusskabel\/","title":{"rendered":"STIHL AR L Anschlusskabel"},"content":{"rendered":"<p>Anschlusskabel zur Energie\u00fcbertragung beim Laden des AR L Akkus und w\u00e4hrend des Betriebs von akkubetriebenen Ger\u00e4ten. Kompatibel mit dem AR L-St\u00fctzsystem und dem Satz Befestigungspads. Kabell\u00e4nge 180 cm.<br \/>\n886661810383  <\/p>\n","protected":false},"excerpt":{"rendered":"<p>AR L Anschlusskabel<\/p>\n","protected":false},"featured_media":431623,"template":"","meta":{"_seopress_robots_primary_cat":"","_seopress_titles_title":"","_seopress_titles_desc":"","_seopress_robots_index":""},"product_brand":[3554],"product_cat":[1449,169],"product_tag":[3266],"class_list":{"0":"post-464072","1":"product","2":"type-product","3":"status-publish","4":"has-post-thumbnail","6":"product_brand-stihl-de","7":"product_cat-batteriesysteme-zubehor","8":"product_cat-maschinen","9":"product_tag-import-stihl-de","10":"sws-gruppo-macchinari-de","11":"sws-conto-ricavi-merci-rivendita-macchinari-de","12":"sws-gruppo-iva-iva81-de","14":"first","15":"onbackorder","16":"purchasable","17":"product-type-simple"},"_links":{"self":[{"href":"https:\/\/lucacastelli.com\/de\/wp-json\/wp\/v2\/product\/464072","targetHints":{"allow":["GET"]}}],"collection":[{"href":"https:\/\/lucacastelli.com\/de\/wp-json\/wp\/v2\/product"}],"about":[{"href":"https:\/\/lucacastelli.com\/de\/wp-json\/wp\/v2\/types\/product"}],"wp:featuredmedia":[{"embeddable":true,"href":"https:\/\/lucacastelli.com\/de\/wp-json\/wp\/v2\/media\/431623"}],"wp:attachment":[{"href":"https:\/\/lucacastelli.com\/de\/wp-json\/wp\/v2\/media?parent=464072"}],"wp:term":[{"taxonomy":"product_brand","embeddable":true,"href":"https:\/\/lucacastelli.com\/de\/wp-json\/wp\/v2\/product_brand?post=464072"},{"taxonomy":"product_cat","embeddable":true,"href":"https:\/\/lucacastelli.com\/de\/wp-json\/wp\/v2\/product_cat?post=464072"},{"taxonomy":"product_tag","embeddable":true,"href":"https:\/\/lucacastelli.com\/de\/wp-json\/wp\/v2\/product_tag?post=464072"}],"curies":[{"name":"wp","href":"https:\/\/api.w.org\/{rel}","templated":true}]}}