{"id":464070,"date":"2025-06-01T01:06:04","date_gmt":"2025-05-31T23:06:04","guid":{"rendered":"https:\/\/lucacastelli.com\/prodotto\/ar-l-schulterstuetzsystem\/"},"modified":"2026-03-17T08:38:25","modified_gmt":"2026-03-17T07:38:25","slug":"ar-l-schulterstuetzsystem","status":"publish","type":"product","link":"https:\/\/lucacastelli.com\/de\/produkt\/ar-l-schulterstuetzsystem\/","title":{"rendered":"STIHL AR L Schulterst\u00fctzsystem"},"content":{"rendered":"<p>Schultersystem zur werkzeuglosen Befestigung von AR 2000 L und AR 3000 L. Mit dreistufigen, l\u00e4ngenverstellbaren Schultergurten f\u00fcr die K\u00f6rpergr\u00f6\u00dfe und einem beweglichen Gurt f\u00fcr eine ergonomische Position. F\u00fcr die Strom\u00fcbertragung erfolgt das Anschlusskabel und optional der AP-Adapter.<br \/>\n886661899944  <\/p>\n","protected":false},"excerpt":{"rendered":"<p>AR L Schulterst\u00fctzsystem<\/p>\n","protected":false},"featured_media":437710,"template":"","meta":{"_seopress_robots_primary_cat":"","_seopress_titles_title":"","_seopress_titles_desc":"","_seopress_robots_index":""},"product_brand":[3366],"product_cat":[29,491],"product_tag":[3265],"class_list":{"0":"post-464070","1":"product","2":"type-product","3":"status-publish","4":"has-post-thumbnail","6":"product_brand-stihl","7":"product_cat-macchinari","8":"product_cat-accessori-sistemi-a-batteria","9":"product_tag-import-stihl","10":"sws-gruppo-macchinari-de","11":"sws-conto-ricavi-merci-rivendita-macchinari-de","12":"sws-gruppo-iva-iva81-de","14":"first","15":"onbackorder","16":"purchasable","17":"product-type-simple"},"_links":{"self":[{"href":"https:\/\/lucacastelli.com\/de\/wp-json\/wp\/v2\/product\/464070","targetHints":{"allow":["GET"]}}],"collection":[{"href":"https:\/\/lucacastelli.com\/de\/wp-json\/wp\/v2\/product"}],"about":[{"href":"https:\/\/lucacastelli.com\/de\/wp-json\/wp\/v2\/types\/product"}],"wp:featuredmedia":[{"embeddable":true,"href":"https:\/\/lucacastelli.com\/de\/wp-json\/wp\/v2\/media\/437710"}],"wp:attachment":[{"href":"https:\/\/lucacastelli.com\/de\/wp-json\/wp\/v2\/media?parent=464070"}],"wp:term":[{"taxonomy":"product_brand","embeddable":true,"href":"https:\/\/lucacastelli.com\/de\/wp-json\/wp\/v2\/product_brand?post=464070"},{"taxonomy":"product_cat","embeddable":true,"href":"https:\/\/lucacastelli.com\/de\/wp-json\/wp\/v2\/product_cat?post=464070"},{"taxonomy":"product_tag","embeddable":true,"href":"https:\/\/lucacastelli.com\/de\/wp-json\/wp\/v2\/product_tag?post=464070"}],"curies":[{"name":"wp","href":"https:\/\/api.w.org\/{rel}","templated":true}]}}