{"id":464062,"date":"2025-06-01T03:59:37","date_gmt":"2025-06-01T01:59:37","guid":{"rendered":"https:\/\/lucacastelli.com\/prodotto\/biber-tim-timber-von-steiff\/"},"modified":"2025-06-28T18:05:29","modified_gmt":"2025-06-28T16:05:29","slug":"biber-tim-timber-von-steiff","status":"publish","type":"product","link":"https:\/\/lucacastelli.com\/de\/produkt\/biber-tim-timber-von-steiff\/","title":{"rendered":"STIHL Biber &#8220;TIM TIMBER&#8221; von Steiff"},"content":{"rendered":"<p>Original Steiff Pl\u00fcschtier, mit S\u00e4gez\u00e4hnen und STIHL Logo, Gesamth\u00f6he 22 cm.<\/p>\n<p>886661391516 Untergeordnete<br \/>\nFarbe der Zielgruppe<\/p>\n","protected":false},"excerpt":{"rendered":"<p>Biber &#8220;TIM TIMBER&#8221; von Steiff<\/p>\n","protected":false},"featured_media":440568,"template":"","meta":{"_seopress_robots_primary_cat":"","_seopress_titles_title":"","_seopress_titles_desc":"","_seopress_robots_index":""},"product_brand":[3554],"product_cat":[1478],"product_tag":[3266],"class_list":{"0":"post-464062","1":"product","2":"type-product","3":"status-publish","4":"has-post-thumbnail","6":"product_brand-stihl-de","7":"product_cat-shop-de","8":"product_tag-import-stihl-de","9":"sws-gruppo-macchinari-de","10":"sws-conto-ricavi-merci-rivendita-macchinari-de","11":"sws-gruppo-iva-iva81-de","13":"first","14":"onbackorder","15":"purchasable","16":"product-type-simple"},"_links":{"self":[{"href":"https:\/\/lucacastelli.com\/de\/wp-json\/wp\/v2\/product\/464062","targetHints":{"allow":["GET"]}}],"collection":[{"href":"https:\/\/lucacastelli.com\/de\/wp-json\/wp\/v2\/product"}],"about":[{"href":"https:\/\/lucacastelli.com\/de\/wp-json\/wp\/v2\/types\/product"}],"wp:featuredmedia":[{"embeddable":true,"href":"https:\/\/lucacastelli.com\/de\/wp-json\/wp\/v2\/media\/440568"}],"wp:attachment":[{"href":"https:\/\/lucacastelli.com\/de\/wp-json\/wp\/v2\/media?parent=464062"}],"wp:term":[{"taxonomy":"product_brand","embeddable":true,"href":"https:\/\/lucacastelli.com\/de\/wp-json\/wp\/v2\/product_brand?post=464062"},{"taxonomy":"product_cat","embeddable":true,"href":"https:\/\/lucacastelli.com\/de\/wp-json\/wp\/v2\/product_cat?post=464062"},{"taxonomy":"product_tag","embeddable":true,"href":"https:\/\/lucacastelli.com\/de\/wp-json\/wp\/v2\/product_tag?post=464062"}],"curies":[{"name":"wp","href":"https:\/\/api.w.org\/{rel}","templated":true}]}}