{"id":464058,"date":"2025-06-01T03:58:26","date_gmt":"2025-06-01T01:58:26","guid":{"rendered":"https:\/\/lucacastelli.com\/prodotto\/holzstapelturm-spiel\/"},"modified":"2025-06-26T07:27:08","modified_gmt":"2025-06-26T05:27:08","slug":"holzstapelturm-spiel","status":"publish","type":"product","link":"https:\/\/lucacastelli.com\/de\/produkt\/holzstapelturm-spiel\/","title":{"rendered":"Holzstapelturm Spiel"},"content":{"rendered":"<p>Was brauchen Sie? Eine ruhige Hand &#8230; Und viel, viel Geduld. Hier wird das<br \/>\nber\u00fchmte Spiel nach STIHL Philosophie neu interpretiert. Geschicklichkeitsspiel<br \/>\nf\u00fcr alle Altersgruppen. Alles, was Sie brauchen, ist eine ruhige Hand. Ziel ist<br \/>\nes, alle Holzkl\u00f6tze mit FSC-Zertifizierung zu stapeln. Die 54 Bl\u00f6cke und das Geh\u00e4use sind mit einer Lasergravur mit STIHL Logo versehen.<br \/>\n886661377473     <\/p>\n<p>Braun<\/p>\n","protected":false},"excerpt":{"rendered":"<p>Holzstapelturm Spiel<\/p>\n","protected":false},"featured_media":428611,"template":"","meta":{"_seopress_robots_primary_cat":"","_seopress_titles_title":"","_seopress_titles_desc":"","_seopress_robots_index":""},"product_brand":[3366],"product_cat":[1103],"product_tag":[3265],"class_list":{"0":"post-464058","1":"product","2":"type-product","3":"status-publish","4":"has-post-thumbnail","6":"product_brand-stihl","7":"product_cat-shops","8":"product_tag-import-stihl","9":"sws-gruppo-abb-libero-de","10":"sws-conto-ricavi-merci-rivendita-abbigliamento-de","11":"sws-gruppo-iva-iva81-de","13":"first","14":"onbackorder","15":"purchasable","16":"product-type-simple"},"_links":{"self":[{"href":"https:\/\/lucacastelli.com\/de\/wp-json\/wp\/v2\/product\/464058","targetHints":{"allow":["GET"]}}],"collection":[{"href":"https:\/\/lucacastelli.com\/de\/wp-json\/wp\/v2\/product"}],"about":[{"href":"https:\/\/lucacastelli.com\/de\/wp-json\/wp\/v2\/types\/product"}],"wp:featuredmedia":[{"embeddable":true,"href":"https:\/\/lucacastelli.com\/de\/wp-json\/wp\/v2\/media\/428611"}],"wp:attachment":[{"href":"https:\/\/lucacastelli.com\/de\/wp-json\/wp\/v2\/media?parent=464058"}],"wp:term":[{"taxonomy":"product_brand","embeddable":true,"href":"https:\/\/lucacastelli.com\/de\/wp-json\/wp\/v2\/product_brand?post=464058"},{"taxonomy":"product_cat","embeddable":true,"href":"https:\/\/lucacastelli.com\/de\/wp-json\/wp\/v2\/product_cat?post=464058"},{"taxonomy":"product_tag","embeddable":true,"href":"https:\/\/lucacastelli.com\/de\/wp-json\/wp\/v2\/product_tag?post=464058"}],"curies":[{"name":"wp","href":"https:\/\/api.w.org\/{rel}","templated":true}]}}