{"id":464054,"date":"2025-06-01T03:58:13","date_gmt":"2025-06-01T01:58:13","guid":{"rendered":"https:\/\/lucacastelli.com\/prodotto\/schnuller-set\/"},"modified":"2026-01-28T06:17:16","modified_gmt":"2026-01-28T05:17:16","slug":"schnuller-set","status":"publish","type":"product","link":"https:\/\/lucacastelli.com\/de\/produkt\/schnuller-set\/","title":{"rendered":"STIHL Schnuller-Set"},"content":{"rendered":"<p>Der QuickStop-Schnuller im praktischen Zweiteiler<br \/>\n beruhigt und f\u00f6rdert den Schlaf von STIHL Babyfans vom 6. bis zum 18. Monat. Der Silikonschnuller ist gem\u00e4\u00df der europ\u00e4ischen Norm EN 1400 f\u00fcr den Lebensmittelgebrauch geeignet.<br \/>\n886661394166 <\/p>\n<p>Zielgruppe Kind<br \/>\nFarbe Farbe<\/p>\n<p>Zusatzfarbe Zusatzfarbe<br \/>\nZusatzfarbe Schwarz<\/p>\n","protected":false},"excerpt":{"rendered":"<p>Schnuller-Set<\/p>\n","protected":false},"featured_media":440533,"template":"","meta":{"_seopress_robots_primary_cat":"","_seopress_titles_title":"","_seopress_titles_desc":"","_seopress_robots_index":""},"product_brand":[3366],"product_cat":[1103],"product_tag":[3265],"class_list":{"0":"post-464054","1":"product","2":"type-product","3":"status-publish","4":"has-post-thumbnail","6":"product_brand-stihl","7":"product_cat-shops","8":"product_tag-import-stihl","9":"sws-gruppo-macchinari-de","10":"sws-conto-ricavi-merci-rivendita-macchinari-de","11":"sws-gruppo-iva-iva81-de","13":"first","14":"onbackorder","15":"purchasable","16":"product-type-simple"},"_links":{"self":[{"href":"https:\/\/lucacastelli.com\/de\/wp-json\/wp\/v2\/product\/464054","targetHints":{"allow":["GET"]}}],"collection":[{"href":"https:\/\/lucacastelli.com\/de\/wp-json\/wp\/v2\/product"}],"about":[{"href":"https:\/\/lucacastelli.com\/de\/wp-json\/wp\/v2\/types\/product"}],"wp:featuredmedia":[{"embeddable":true,"href":"https:\/\/lucacastelli.com\/de\/wp-json\/wp\/v2\/media\/440533"}],"wp:attachment":[{"href":"https:\/\/lucacastelli.com\/de\/wp-json\/wp\/v2\/media?parent=464054"}],"wp:term":[{"taxonomy":"product_brand","embeddable":true,"href":"https:\/\/lucacastelli.com\/de\/wp-json\/wp\/v2\/product_brand?post=464054"},{"taxonomy":"product_cat","embeddable":true,"href":"https:\/\/lucacastelli.com\/de\/wp-json\/wp\/v2\/product_cat?post=464054"},{"taxonomy":"product_tag","embeddable":true,"href":"https:\/\/lucacastelli.com\/de\/wp-json\/wp\/v2\/product_tag?post=464054"}],"curies":[{"name":"wp","href":"https:\/\/api.w.org\/{rel}","templated":true}]}}