{"id":464052,"date":"2025-06-03T21:30:24","date_gmt":"2025-06-03T19:30:24","guid":{"rendered":"https:\/\/lucacastelli.com\/prodotto\/tische-fuer-vibrierende-tische\/"},"modified":"2026-01-01T15:04:33","modified_gmt":"2026-01-01T14:04:33","slug":"tische-fuer-vibrierende-tische","status":"publish","type":"product","link":"https:\/\/lucacastelli.com\/de\/produkt\/tische-fuer-vibrierende-tische\/","title":{"rendered":"MILWAUKEE R\u00fctteltische f\u00fcr R\u00fcttelstationen"},"content":{"rendered":"<p>Unsere Haltegurte zeichnen sich durch ein extrem steifes Doppeldreieck-Design aus, das eine gleichm\u00e4\u00dfige Schwingungs\u00fcbertragung \u00fcber die gesamte L\u00e4nge der Stange gew\u00e4hrleistet&lt;br&gt;  Leichte Magnesiumsch\u00e4fte zur Reduzierung des Werkzeuggewichts&lt;br&gt;  Klemmdesign ohne L\u00f6cher an der Stange, um eine schnelle und einfache Befestigung der Zange am Werkzeug zu erm\u00f6glichen&lt;br&gt;  Verf\u00fcgbare B\u00fchnen von 1,22 m bis 4,87 m&lt;br&gt;  Kompatibel mit der MX FUEL\u2122 R\u00fcttelstation<\/p>\n<p>STRICHCODE: 4058546375713<\/p>\n<p>Technische Daten<br \/>\n5.5<\/p>\n","protected":false},"excerpt":{"rendered":"<p>Unsere Haltegurte zeichnen sich durch ein extrem steifes Doppeldreieck-Design aus, das eine gleichm\u00e4\u00dfige Schwingungs\u00fcbertragung \u00fcber die gesamte L\u00e4nge der Stange<\/p>\n","protected":false},"featured_media":503422,"template":"","meta":{"_seopress_robots_primary_cat":"","_seopress_titles_title":"","_seopress_titles_desc":"","_seopress_robots_index":""},"product_brand":[3407],"product_cat":[21],"product_tag":[],"class_list":{"0":"post-464052","1":"product","2":"type-product","3":"status-publish","4":"has-post-thumbnail","6":"product_brand-milwaukee","7":"product_cat-abbigliamento","9":"first","10":"onbackorder","11":"purchasable","12":"product-type-simple"},"_links":{"self":[{"href":"https:\/\/lucacastelli.com\/de\/wp-json\/wp\/v2\/product\/464052","targetHints":{"allow":["GET"]}}],"collection":[{"href":"https:\/\/lucacastelli.com\/de\/wp-json\/wp\/v2\/product"}],"about":[{"href":"https:\/\/lucacastelli.com\/de\/wp-json\/wp\/v2\/types\/product"}],"wp:featuredmedia":[{"embeddable":true,"href":"https:\/\/lucacastelli.com\/de\/wp-json\/wp\/v2\/media\/503422"}],"wp:attachment":[{"href":"https:\/\/lucacastelli.com\/de\/wp-json\/wp\/v2\/media?parent=464052"}],"wp:term":[{"taxonomy":"product_brand","embeddable":true,"href":"https:\/\/lucacastelli.com\/de\/wp-json\/wp\/v2\/product_brand?post=464052"},{"taxonomy":"product_cat","embeddable":true,"href":"https:\/\/lucacastelli.com\/de\/wp-json\/wp\/v2\/product_cat?post=464052"},{"taxonomy":"product_tag","embeddable":true,"href":"https:\/\/lucacastelli.com\/de\/wp-json\/wp\/v2\/product_tag?post=464052"}],"curies":[{"name":"wp","href":"https:\/\/api.w.org\/{rel}","templated":true}]}}