{"id":464044,"date":"2025-06-01T06:38:21","date_gmt":"2025-06-01T04:38:21","guid":{"rendered":"https:\/\/lucacastelli.com\/prodotto\/rohrreinigungsmaschine\/"},"modified":"2026-04-17T10:51:19","modified_gmt":"2026-04-17T08:51:19","slug":"rohrreinigungsmaschine","status":"publish","type":"product","link":"https:\/\/lucacastelli.com\/de\/produkt\/rohrreinigungsmaschine\/","title":{"rendered":"MILWAUKEE Rohrreiniger"},"content":{"rendered":"<p>Das integrierte MX FUEL\u2122 POWERTREDZ\u2122 System erleichtert den Transport beim Bewegen der Maschine vom Transportfahrzeug und auf Treppen&lt;br&gt; Vollst\u00e4ndig isolierte Trommel f\u00fcr einen besseren R\u00fcckhalt von Schmutz&lt;br&gt; Erste Akku-Gro\u00dftrommelmaschine mit extremer Reinigungskraft bis zu 60 m in Rohren von 75 mm bis 200 mm&lt;br&gt; Maximale Kontrolle und Sicherheit dank rutschfestem Fu\u00dfpedal und interner Bremse, die die Trommel elektronisch verlangsamen&lt;br&gt; Die Trommel ist f\u00fcr Spiralen von 16 mm x 30 m oder 20 mm x 30 m geeignet&lt;br&gt; Das ONE-KEY\u2122 Tracking &amp; Security System bietet einen kostenlosen cloudbasierten Bestandsverwaltungs- und Ortungsservice sowie eine Fernsperrfunktion&lt;br&gt; Das MX FUEL\u2122 System erreicht neue Dimensionen im Akkubetrieb: Leistung wie bei Benzin-, Kabel- oder Druckluftger\u00e4ten, jedoch ohne die Gefahren durch Emissionen, L\u00e4rm, Vibrationen, Stolperfallen sowie komplexe Wartung&lt;br&gt; Inklusive verst\u00e4rkter Spirale 20 mm x 15.2 m, verst\u00e4rkter Spirale 20 mm x 7.6 m, 9-teiliges Kopf-Set<\/p>\n<p>BARCODE: 4058546297503<\/p>\n<p>Technische Daten<br \/>\n23<\/p>\n<p>1 x MXF CP203 Akkupack, MXF C Ladeger\u00e4t, Lieferung ohne Kitbox oder Tasche, inklusive verst\u00e4rktem Kabel 20 mm x 15.2 m, verst\u00e4rktem Kabel 20 mm x 7.6 m, 9-teiliges Kopf-Set<\/p>\n","protected":false},"excerpt":{"rendered":"<p>Das integrierte MX FUEL\u2122 POWERTREDZ\u2122 System erleichtert den Transport beim Bewegen der Maschine vom Transportfahrzeug und auf Treppen&lt;br&gt; Vollst\u00e4ndig isolierte<\/p>\n","protected":false},"featured_media":433681,"template":"","meta":{"_seopress_robots_primary_cat":"","_seopress_titles_title":"","_seopress_titles_desc":"","_seopress_robots_index":""},"product_brand":[3407],"product_cat":[29,514],"product_tag":[3270],"class_list":{"0":"post-464044","1":"product","2":"type-product","3":"status-publish","4":"has-post-thumbnail","6":"product_brand-milwaukee","7":"product_cat-macchinari","8":"product_cat-altri-dispositivi","9":"product_tag-import-milwau","10":"sws-gruppo-macchinari-de","11":"sws-conto-ricavi-merci-rivendita-macchinari-de","12":"sws-gruppo-iva-iva81-de","14":"first","15":"instock","16":"sale","17":"purchasable","18":"product-type-simple"},"_links":{"self":[{"href":"https:\/\/lucacastelli.com\/de\/wp-json\/wp\/v2\/product\/464044","targetHints":{"allow":["GET"]}}],"collection":[{"href":"https:\/\/lucacastelli.com\/de\/wp-json\/wp\/v2\/product"}],"about":[{"href":"https:\/\/lucacastelli.com\/de\/wp-json\/wp\/v2\/types\/product"}],"wp:featuredmedia":[{"embeddable":true,"href":"https:\/\/lucacastelli.com\/de\/wp-json\/wp\/v2\/media\/433681"}],"wp:attachment":[{"href":"https:\/\/lucacastelli.com\/de\/wp-json\/wp\/v2\/media?parent=464044"}],"wp:term":[{"taxonomy":"product_brand","embeddable":true,"href":"https:\/\/lucacastelli.com\/de\/wp-json\/wp\/v2\/product_brand?post=464044"},{"taxonomy":"product_cat","embeddable":true,"href":"https:\/\/lucacastelli.com\/de\/wp-json\/wp\/v2\/product_cat?post=464044"},{"taxonomy":"product_tag","embeddable":true,"href":"https:\/\/lucacastelli.com\/de\/wp-json\/wp\/v2\/product_tag?post=464044"}],"curies":[{"name":"wp","href":"https:\/\/api.w.org\/{rel}","templated":true}]}}