{"id":464037,"date":"2025-06-01T06:38:11","date_gmt":"2025-06-01T04:38:11","guid":{"rendered":"https:\/\/lucacastelli.com\/prodotto\/stromerzeuger\/"},"modified":"2025-06-29T08:04:36","modified_gmt":"2025-06-29T06:04:36","slug":"stromerzeuger","status":"publish","type":"product","link":"https:\/\/lucacastelli.com\/de\/produkt\/stromerzeuger\/","title":{"rendered":"MILWAUKEE Stromerzeuger"},"content":{"rendered":"<p>Das MX FUEL-System\u2122 erm\u00f6glicht es Ihnen, neue Horizonte mit der Batterie zu erreichen: Leistung von Benzin-, Draht- oder pneumatischen L\u00f6sungen, wodurch die Gefahren eliminiert werden, die mit Emissionen, L\u00e4rm, Vibrationen, Stolpern und komplexer Wartung verbunden sind&lt;Br&gt;  3.600 W Spitzenleistung und 1.800 W kontinuierliche reine Wellenleistung: versorgt sowohl leistungsstarke 16-A-Ger\u00e4te als auch elektronische Ger\u00e4te mit Strom&lt;Br&gt;  Einsetzbar im Innenbereich: keine Emissionen und geringer Ger\u00e4uschpegel (68 dB(A))&lt;Br&gt;  Die Batterieleistung eliminiert die mit Benzin und Wartung verbundenen Kosten, reduziert Ausfallzeiten und erh\u00f6ht die Arbeitseffizienz&lt;Br&gt;  Dient als Ladeger\u00e4t f\u00fcr MX FUEL\u2122 Batterien, wenn sie eingesteckt sind&lt;Br&gt;  Das ONE-KEY\u2122 Tracking &amp; Security-System bietet einen kostenlosen Cloud-basierten Tracking- und Bestandsverwaltungsdienst und verf\u00fcgt gleichzeitig \u00fcber Remote-Blockierungsfunktionen&lt;Br&gt;  Maximaler Schutz und Langlebigkeit dank der robusten K\u00e4figkonstruktion&lt;Br&gt;  L\u00e4uft mit einer oder zwei Batterien, um die Laufzeit zu maximieren&lt;Br&gt;  Kann ein 16-A- und ein Niederspannungsger\u00e4t gleichzeitig mit Strom versorgen&lt;Br&gt;  Nicht zu verwenden bei schlechtem Wetter (Regen, Schnee)&lt;Br&gt;  Abmessungen (L x B x H): 39,3 x 30,4 x 52,8 cm, Gewicht 28,2 kg mit 2 Batterien<\/p>\n<p>STRICHCODE: 4058546370602<\/p>\n<p>Technische<br \/>\nDaten 1800.0<\/p>\n<p>2 x MXF XC406 Akkupack, eingebautes Ladeger\u00e4t, Lieferung ohne Kitbox oder Tasche<\/p>\n","protected":false},"excerpt":{"rendered":"<p>Das MX FUEL-System\u2122 erm\u00f6glicht es Ihnen, neue Horizonte mit der Batterie zu erreichen: Leistung von Benzin-, Draht- oder pneumatischen L\u00f6sungen,<\/p>\n","protected":false},"featured_media":433644,"template":"","meta":{"_seopress_robots_primary_cat":"","_seopress_titles_title":"","_seopress_titles_desc":"","_seopress_robots_index":""},"product_brand":[3656],"product_cat":[1454,169,1511],"product_tag":[3272],"class_list":{"0":"post-464037","1":"product","2":"type-product","3":"status-publish","4":"has-post-thumbnail","6":"product_brand-milwaukee-de","7":"product_cat-andere-gerate","8":"product_cat-maschinen","9":"product_cat-stromerzeuger","10":"product_tag-import-milwau-de","11":"sws-gruppo-macchinari-de","12":"sws-conto-ricavi-merci-rivendita-macchinari-de","13":"sws-gruppo-iva-iva81-de","15":"first","16":"instock","17":"sale","18":"purchasable","19":"product-type-simple"},"_links":{"self":[{"href":"https:\/\/lucacastelli.com\/de\/wp-json\/wp\/v2\/product\/464037","targetHints":{"allow":["GET"]}}],"collection":[{"href":"https:\/\/lucacastelli.com\/de\/wp-json\/wp\/v2\/product"}],"about":[{"href":"https:\/\/lucacastelli.com\/de\/wp-json\/wp\/v2\/types\/product"}],"wp:featuredmedia":[{"embeddable":true,"href":"https:\/\/lucacastelli.com\/de\/wp-json\/wp\/v2\/media\/433644"}],"wp:attachment":[{"href":"https:\/\/lucacastelli.com\/de\/wp-json\/wp\/v2\/media?parent=464037"}],"wp:term":[{"taxonomy":"product_brand","embeddable":true,"href":"https:\/\/lucacastelli.com\/de\/wp-json\/wp\/v2\/product_brand?post=464037"},{"taxonomy":"product_cat","embeddable":true,"href":"https:\/\/lucacastelli.com\/de\/wp-json\/wp\/v2\/product_cat?post=464037"},{"taxonomy":"product_tag","embeddable":true,"href":"https:\/\/lucacastelli.com\/de\/wp-json\/wp\/v2\/product_tag?post=464037"}],"curies":[{"name":"wp","href":"https:\/\/api.w.org\/{rel}","templated":true}]}}