{"id":464036,"date":"2025-06-01T06:37:50","date_gmt":"2025-06-01T04:37:50","guid":{"rendered":"https:\/\/lucacastelli.com\/prodotto\/saeule-fuer-kernbohrmaschine\/"},"modified":"2025-06-29T08:04:32","modified_gmt":"2025-06-29T06:04:32","slug":"saeule-fuer-kernbohrmaschine","status":"publish","type":"product","link":"https:\/\/lucacastelli.com\/de\/produkt\/saeule-fuer-kernbohrmaschine\/","title":{"rendered":"MILWAUKEE Kernbohrs\u00e4ule"},"content":{"rendered":"<p>H\u00f6henverstellbarer F\u00fchrungsgriff und Bohrtiefenverstellhebel, der leicht mit einer Hand erreicht und bedient werden kann&lt;Br&gt;  Manschette mit 60 mm Universalanschluss, f\u00fcr schnellere Verbindungen&lt;Br&gt;  Kompatibel mit dem M18\u2122 SWITCH TANK\u2122 15 l Wassertank&lt;Br&gt;  F\u00fcr Bohrungen bis 250 mm Durchmesser &#8211; S\u00e4ule geeignet f\u00fcr den Einsatz mit MXF DCD150 2-Gang-Kernbohrmaschine&lt;Br&gt;  Kann auf glatten, ebenen Oberfl\u00e4chen vakuumiert werden&lt;Br&gt;  Die Grundplatte gibt den Bohrwinkel an, kann gekippt und von 0\u00b0 bis 45\u00b0 verwendet werden&lt;Br&gt;  Verstellbare Gleitsteine&lt;Br&gt;  Hergestellt aus leichtem, langlebigem Aluminium&lt;Br&gt;  Inklusive Befestigungsset aus Beton (4932399731)<\/p>\n<p>STRICHCODE: 4058546338930<\/p>\n<p>Technische<br \/>\nDaten Aucun sac ni box fourni<\/p>\n<p>Betonbefestigungssatz (4932399731), Ersatz-Gummidichtung, 17 x 19 Schl\u00fcssel, 6 mm Inbusschl\u00fcssel, 8 mm Inbusschl\u00fcssel, Universalhalter mit 60 mm Spannzange<\/p>\n","protected":false},"excerpt":{"rendered":"<p>H\u00f6henverstellbarer F\u00fchrungsgriff und Bohrtiefenverstellhebel, der leicht mit einer Hand erreicht und bedient werden kann&lt;Br&gt; Manschette mit 60 mm Universalanschluss, f\u00fcr<\/p>\n","protected":false},"featured_media":433570,"template":"","meta":{"_seopress_robots_primary_cat":"","_seopress_titles_title":"","_seopress_titles_desc":"","_seopress_robots_index":""},"product_brand":[3656],"product_cat":[1454,169],"product_tag":[3272],"class_list":{"0":"post-464036","1":"product","2":"type-product","3":"status-publish","4":"has-post-thumbnail","6":"product_brand-milwaukee-de","7":"product_cat-andere-gerate","8":"product_cat-maschinen","9":"product_tag-import-milwau-de","10":"sws-gruppo-macchinari-de","11":"sws-conto-ricavi-merci-rivendita-macchinari-de","12":"sws-gruppo-iva-iva81-de","14":"first","15":"instock","16":"sale","17":"purchasable","18":"product-type-simple"},"_links":{"self":[{"href":"https:\/\/lucacastelli.com\/de\/wp-json\/wp\/v2\/product\/464036","targetHints":{"allow":["GET"]}}],"collection":[{"href":"https:\/\/lucacastelli.com\/de\/wp-json\/wp\/v2\/product"}],"about":[{"href":"https:\/\/lucacastelli.com\/de\/wp-json\/wp\/v2\/types\/product"}],"wp:featuredmedia":[{"embeddable":true,"href":"https:\/\/lucacastelli.com\/de\/wp-json\/wp\/v2\/media\/433570"}],"wp:attachment":[{"href":"https:\/\/lucacastelli.com\/de\/wp-json\/wp\/v2\/media?parent=464036"}],"wp:term":[{"taxonomy":"product_brand","embeddable":true,"href":"https:\/\/lucacastelli.com\/de\/wp-json\/wp\/v2\/product_brand?post=464036"},{"taxonomy":"product_cat","embeddable":true,"href":"https:\/\/lucacastelli.com\/de\/wp-json\/wp\/v2\/product_cat?post=464036"},{"taxonomy":"product_tag","embeddable":true,"href":"https:\/\/lucacastelli.com\/de\/wp-json\/wp\/v2\/product_tag?post=464036"}],"curies":[{"name":"wp","href":"https:\/\/api.w.org\/{rel}","templated":true}]}}