{"id":464031,"date":"2025-06-01T06:37:57","date_gmt":"2025-06-01T04:37:57","guid":{"rendered":"https:\/\/lucacastelli.com\/prodotto\/lichtmast\/"},"modified":"2025-06-29T08:04:39","modified_gmt":"2025-06-29T06:04:39","slug":"lichtmast","status":"publish","type":"product","link":"https:\/\/lucacastelli.com\/de\/produkt\/lichtmast\/","title":{"rendered":"MILWAUKEE Leuchtturm"},"content":{"rendered":"<p>TRUEVIEW-Beleuchtung\u2122 mit einer Leistung von bis zu 27.000 Lumen bei Anschluss an eine Stromquelle und 20.000 Lumen bei Batteriebetrieb&lt;Br&gt;  Die Leuchtenk\u00f6pfe k\u00f6nnen in mehrere Richtungen geschwenkt werden&lt;Br&gt;  Gewicht von nur 48 kg, dank der beiden gro\u00dfen R\u00e4der leicht auf unebenem Gel\u00e4nde zu transportieren&lt;Br&gt;  Dank der motorisierten Welle in weniger als 10 Sekunden betriebsbereit. Er l\u00e4sst sich bis zu einer H\u00f6he von 3,10 Metern ausfahren und h\u00e4lt Windgeschwindigkeiten von bis zu 55 km\/h stand &lt;Br&gt;  Konstruiert mit extrem haltbaren Polycarbonat-Gl\u00e4sern, die eine erh\u00f6hte Haltbarkeit bieten&lt;Br&gt;  Isoliertes Batteriefach f\u00fcr Wetterschutz&lt;Br&gt;  Das ONE-KEY\u2122 Tracking &amp; Security-System bietet einen kostenlosen Cloud-basierten Tracking- und Bestandsverwaltungsdienst und verf\u00fcgt gleichzeitig \u00fcber Funktionen zur Fernverriegelung und Anpassung der Werkzeugleistung&lt;Br&gt;  Ausgestattet mit einem eingebauten MX FUEL-Ladeger\u00e4t\u2122, mit dem Sie die Batterien aufladen k\u00f6nnen, wenn sie an eine Stromquelle angeschlossen sind&lt;Br&gt;  Schutzart IP 55&lt;Br&gt;  Das MX FUEL-System\u2122 erm\u00f6glicht es Ihnen, neue Horizonte mit der Batterie zu erreichen: Leistung von Benzin-, Draht- oder pneumatischen L\u00f6sungen, wodurch die Gefahren eliminiert werden, die mit Emissionen, L\u00e4rm, Vibrationen, Stolpern und komplexer Wartung verbunden sind<\/p>\n<p>STRICHCODE: 4058546297435<\/p>\n<p>Technische<br \/>\nDaten Unbegrenzt<\/p>\n<p>1 x MXF XC406 Akkupack, eingebautes Ladeger\u00e4t, Lieferung ohne Kitbox oder Tasche<\/p>\n","protected":false},"excerpt":{"rendered":"<p>TRUEVIEW-Beleuchtung\u2122 mit einer Leistung von bis zu 27.000 Lumen bei Anschluss an eine Stromquelle und 20.000 Lumen bei Batteriebetrieb&lt;Br&gt; Die<\/p>\n","protected":false},"featured_media":433607,"template":"","meta":{"_seopress_robots_primary_cat":"","_seopress_titles_title":"","_seopress_titles_desc":"","_seopress_robots_index":""},"product_brand":[3656],"product_cat":[1454,169],"product_tag":[3272],"class_list":{"0":"post-464031","1":"product","2":"type-product","3":"status-publish","4":"has-post-thumbnail","6":"product_brand-milwaukee-de","7":"product_cat-andere-gerate","8":"product_cat-maschinen","9":"product_tag-import-milwau-de","10":"sws-gruppo-macchinari-de","11":"sws-conto-ricavi-merci-rivendita-macchinari-de","12":"sws-gruppo-iva-iva81-de","14":"first","15":"instock","16":"sale","17":"purchasable","18":"product-type-simple"},"_links":{"self":[{"href":"https:\/\/lucacastelli.com\/de\/wp-json\/wp\/v2\/product\/464031","targetHints":{"allow":["GET"]}}],"collection":[{"href":"https:\/\/lucacastelli.com\/de\/wp-json\/wp\/v2\/product"}],"about":[{"href":"https:\/\/lucacastelli.com\/de\/wp-json\/wp\/v2\/types\/product"}],"wp:featuredmedia":[{"embeddable":true,"href":"https:\/\/lucacastelli.com\/de\/wp-json\/wp\/v2\/media\/433607"}],"wp:attachment":[{"href":"https:\/\/lucacastelli.com\/de\/wp-json\/wp\/v2\/media?parent=464031"}],"wp:term":[{"taxonomy":"product_brand","embeddable":true,"href":"https:\/\/lucacastelli.com\/de\/wp-json\/wp\/v2\/product_brand?post=464031"},{"taxonomy":"product_cat","embeddable":true,"href":"https:\/\/lucacastelli.com\/de\/wp-json\/wp\/v2\/product_cat?post=464031"},{"taxonomy":"product_tag","embeddable":true,"href":"https:\/\/lucacastelli.com\/de\/wp-json\/wp\/v2\/product_tag?post=464031"}],"curies":[{"name":"wp","href":"https:\/\/api.w.org\/{rel}","templated":true}]}}