{"id":464029,"date":"2025-06-01T06:37:39","date_gmt":"2025-06-01T04:37:39","guid":{"rendered":"https:\/\/lucacastelli.com\/prodotto\/trocken-nass-kernbohrmaschine-3\/"},"modified":"2025-06-29T08:05:45","modified_gmt":"2025-06-29T06:05:45","slug":"trocken-nass-kernbohrmaschine-3","status":"publish","type":"product","link":"https:\/\/lucacastelli.com\/de\/produkt\/trocken-nass-kernbohrmaschine-3\/","title":{"rendered":"MILWAUKEE Trocken-Nass-Kernbohrmaschine"},"content":{"rendered":"<p>Er bohrt mit \u00e4u\u00dferster Leichtigkeit trocken und nass und erreicht dank der hohen Leistung des Akkumotors bis zu einem Durchmesser von 152 mm die gleiche Leistung wie der Draht&lt;Br&gt;  W\u00e4hlen Sie aus 2 Geschwindigkeiten, um eine breite Palette von Anwendungen abzudecken&lt;Br&gt;  Drehzahl 1: 1600 U\/min f\u00fcr L\u00f6cher bis zu einem Durchmesser von 75 mm, sowohl nass als auch trocken&lt;Br&gt;  Drehzahl 2: 800 U\/min f\u00fcr L\u00f6cher mit einem Durchmesser von 76 mm bis 152 mm, sowohl nass als auch trocken&lt;Br&gt;  Patentiertes AUTOSTOP-System\u2122, um den Schutz des Benutzers zu gew\u00e4hrleisten und eine versehentliche Drehung des Werkzeugs im Falle eines Kontrollverlusts oder einer Verriegelung der Krone zu verhindern&lt;Br&gt;  Die eingebaute Wasserwaage f\u00fchrt den Benutzer bei der horizontalen Anwendung und erm\u00f6glicht es ihm, ein pr\u00e4zises und sauberes Ergebnis zu erzielen&lt;Br&gt;  Die Druckanzeige erm\u00f6glicht es dem Anwender, die Bohrgeschwindigkeit zu optimieren und das Werkzeug nicht zu \u00fcberfordern&lt;Br&gt;  Die Anzeige des Batterieladezustands erm\u00f6glicht es dem Benutzer, die verbleibende Energie w\u00e4hrend jeder Anwendung zu \u00fcberwachen&lt;Br&gt;  Nassbohren m\u00f6glich dank Kompatibilit\u00e4t mit der automatischen Vorkompressionsspritze M18\u2122 SWITCH TANK\u2122&lt;Br&gt;  1 1\/4 UNC oder 1\/2 G Zollanschl\u00fcsse, kompatibel mit den g\u00e4ngigsten Kettenbl\u00e4ttern auf dem Markt, Plattendesign f\u00fcr schnellen und einfachen Zubeh\u00f6rwechsel&lt;Br&gt;  MXF DR150 60mm Kragenkernbohrs\u00e4ule separat erh\u00e4ltlich (4933464889)&lt;Br&gt;  Das MX FUEL-System\u2122 erm\u00f6glicht es Ihnen, neue Horizonte mit der Batterie zu erreichen: Leistung von Benzin-, Draht- oder pneumatischen L\u00f6sungen, wodurch die Gefahren eliminiert werden, die mit Emissionen, L\u00e4rm, Vibrationen, Stolpern und komplexer Wartung verbunden sind&lt;Br&gt;  Das ONE-KEY\u2122 Tracking &amp; Security-System bietet einen kostenlosen Cloud-basierten Tracking- und Bestandsverwaltungsdienst und verf\u00fcgt gleichzeitig \u00fcber Remote-Blockierungsfunktionen<\/p>\n<p>STRICHCODE: 4058546362683<\/p>\n<p>Technische<br \/>\nDaten 12.4 (MXF CP203)<\/p>\n<p>Lieferung ohne Batterien, Lieferung ohne Ladeger\u00e4t, Tragetasche, Schalter mit Schloss, Seitengriff<\/p>\n","protected":false},"excerpt":{"rendered":"<p>Er bohrt mit \u00e4u\u00dferster Leichtigkeit trocken und nass und erreicht dank der hohen Leistung des Akkumotors bis zu einem Durchmesser<\/p>\n","protected":false},"featured_media":433459,"template":"","meta":{"_seopress_robots_primary_cat":"","_seopress_titles_title":"","_seopress_titles_desc":"","_seopress_robots_index":""},"product_brand":[3656],"product_cat":[1454,169],"product_tag":[3272],"class_list":{"0":"post-464029","1":"product","2":"type-product","3":"status-publish","4":"has-post-thumbnail","6":"product_brand-milwaukee-de","7":"product_cat-andere-gerate","8":"product_cat-maschinen","9":"product_tag-import-milwau-de","10":"sws-gruppo-macchinari-de","11":"sws-conto-ricavi-merci-rivendita-macchinari-de","12":"sws-gruppo-iva-iva81-de","14":"first","15":"instock","16":"sale","17":"purchasable","18":"product-type-simple"},"_links":{"self":[{"href":"https:\/\/lucacastelli.com\/de\/wp-json\/wp\/v2\/product\/464029","targetHints":{"allow":["GET"]}}],"collection":[{"href":"https:\/\/lucacastelli.com\/de\/wp-json\/wp\/v2\/product"}],"about":[{"href":"https:\/\/lucacastelli.com\/de\/wp-json\/wp\/v2\/types\/product"}],"wp:featuredmedia":[{"embeddable":true,"href":"https:\/\/lucacastelli.com\/de\/wp-json\/wp\/v2\/media\/433459"}],"wp:attachment":[{"href":"https:\/\/lucacastelli.com\/de\/wp-json\/wp\/v2\/media?parent=464029"}],"wp:term":[{"taxonomy":"product_brand","embeddable":true,"href":"https:\/\/lucacastelli.com\/de\/wp-json\/wp\/v2\/product_brand?post=464029"},{"taxonomy":"product_cat","embeddable":true,"href":"https:\/\/lucacastelli.com\/de\/wp-json\/wp\/v2\/product_cat?post=464029"},{"taxonomy":"product_tag","embeddable":true,"href":"https:\/\/lucacastelli.com\/de\/wp-json\/wp\/v2\/product_tag?post=464029"}],"curies":[{"name":"wp","href":"https:\/\/api.w.org\/{rel}","templated":true}]}}