{"id":464024,"date":"2025-06-01T06:37:33","date_gmt":"2025-06-01T04:37:33","guid":{"rendered":"https:\/\/lucacastelli.com\/prodotto\/wagen-fuer-abbruchhammer\/"},"modified":"2025-06-29T08:05:41","modified_gmt":"2025-06-29T06:05:41","slug":"wagen-fuer-abbruchhammer","status":"publish","type":"product","link":"https:\/\/lucacastelli.com\/de\/produkt\/wagen-fuer-abbruchhammer\/","title":{"rendered":"MILWAUKEE Abbruchhammer Wagen"},"content":{"rendered":"<p>Extrem leichter Transportwagen f\u00fcr Abbruchhammer mit gro\u00dfen Gummir\u00e4dern f\u00fcr den einfachen Transport auf unebenem Gel\u00e4nde&lt;Br&gt;  Gurte zur Sicherung des Abbruchhammers&lt;Br&gt;  Ausgestattet mit 4 Mei\u00dfelf\u00e4chern&lt;Br&gt;  Ausgestattet mit Akku- und Ladefach und Ladekabelhaken<\/p>\n<p>STRICHCODE: 4058546228248<\/p>\n<p>Technische<br \/>\nDaten 15.7<\/p>\n","protected":false},"excerpt":{"rendered":"<p>Extrem leichter Transportwagen f\u00fcr Abbruchhammer mit gro\u00dfen Gummir\u00e4dern f\u00fcr den einfachen Transport auf unebenem Gel\u00e4nde&lt;Br&gt; Gurte zur Sicherung des Abbruchhammers&lt;Br&gt;<\/p>\n","protected":false},"featured_media":433422,"template":"","meta":{"_seopress_robots_primary_cat":"","_seopress_titles_title":"","_seopress_titles_desc":"","_seopress_robots_index":""},"product_brand":[3656],"product_cat":[1454,169],"product_tag":[3272],"class_list":{"0":"post-464024","1":"product","2":"type-product","3":"status-publish","4":"has-post-thumbnail","6":"product_brand-milwaukee-de","7":"product_cat-andere-gerate","8":"product_cat-maschinen","9":"product_tag-import-milwau-de","10":"sws-gruppo-macchinari-de","11":"sws-conto-ricavi-merci-rivendita-macchinari-de","12":"sws-gruppo-iva-iva81-de","14":"first","15":"instock","16":"sale","17":"purchasable","18":"product-type-simple"},"_links":{"self":[{"href":"https:\/\/lucacastelli.com\/de\/wp-json\/wp\/v2\/product\/464024","targetHints":{"allow":["GET"]}}],"collection":[{"href":"https:\/\/lucacastelli.com\/de\/wp-json\/wp\/v2\/product"}],"about":[{"href":"https:\/\/lucacastelli.com\/de\/wp-json\/wp\/v2\/types\/product"}],"wp:featuredmedia":[{"embeddable":true,"href":"https:\/\/lucacastelli.com\/de\/wp-json\/wp\/v2\/media\/433422"}],"wp:attachment":[{"href":"https:\/\/lucacastelli.com\/de\/wp-json\/wp\/v2\/media?parent=464024"}],"wp:term":[{"taxonomy":"product_brand","embeddable":true,"href":"https:\/\/lucacastelli.com\/de\/wp-json\/wp\/v2\/product_brand?post=464024"},{"taxonomy":"product_cat","embeddable":true,"href":"https:\/\/lucacastelli.com\/de\/wp-json\/wp\/v2\/product_cat?post=464024"},{"taxonomy":"product_tag","embeddable":true,"href":"https:\/\/lucacastelli.com\/de\/wp-json\/wp\/v2\/product_tag?post=464024"}],"curies":[{"name":"wp","href":"https:\/\/api.w.org\/{rel}","templated":true}]}}