{"id":464021,"date":"2025-06-01T06:36:50","date_gmt":"2025-06-01T04:36:50","guid":{"rendered":"https:\/\/lucacastelli.com\/prodotto\/ruettelrohr-aus-beton-4\/"},"modified":"2025-06-29T08:05:23","modified_gmt":"2025-06-29T06:05:23","slug":"ruettelrohr-aus-beton-4","status":"publish","type":"product","link":"https:\/\/lucacastelli.com\/de\/produkt\/ruettelrohr-aus-beton-4\/","title":{"rendered":"MILWAUKEE Beton-R\u00fcttelrohr"},"content":{"rendered":"<p>2 m Schlauch f\u00fcr Betonr\u00fcttler<\/p>\n<p>BARCODE: 4058546348045<\/p>\n<p>Technische Daten<\/p>\n","protected":false},"excerpt":{"rendered":"<p>2 m Schlauch f\u00fcr Betonr\u00fcttler BARCODE: 4058546348045 Technische Daten<\/p>\n","protected":false},"featured_media":433328,"template":"","meta":{"_seopress_robots_primary_cat":"","_seopress_titles_title":"","_seopress_titles_desc":"","_seopress_robots_index":""},"product_brand":[3407],"product_cat":[29,514,560],"product_tag":[3270],"class_list":{"0":"post-464021","1":"product","2":"type-product","3":"status-publish","4":"has-post-thumbnail","6":"product_brand-milwaukee","7":"product_cat-macchinari","8":"product_cat-altri-dispositivi","9":"product_cat-vibratore-per-calcestruzzo","10":"product_tag-import-milwau","11":"sws-gruppo-macchinari-de","12":"sws-conto-ricavi-merci-rivendita-macchinari-de","13":"sws-gruppo-iva-iva81-de","15":"first","16":"instock","17":"sale","18":"purchasable","19":"product-type-simple"},"_links":{"self":[{"href":"https:\/\/lucacastelli.com\/de\/wp-json\/wp\/v2\/product\/464021","targetHints":{"allow":["GET"]}}],"collection":[{"href":"https:\/\/lucacastelli.com\/de\/wp-json\/wp\/v2\/product"}],"about":[{"href":"https:\/\/lucacastelli.com\/de\/wp-json\/wp\/v2\/types\/product"}],"wp:featuredmedia":[{"embeddable":true,"href":"https:\/\/lucacastelli.com\/de\/wp-json\/wp\/v2\/media\/433328"}],"wp:attachment":[{"href":"https:\/\/lucacastelli.com\/de\/wp-json\/wp\/v2\/media?parent=464021"}],"wp:term":[{"taxonomy":"product_brand","embeddable":true,"href":"https:\/\/lucacastelli.com\/de\/wp-json\/wp\/v2\/product_brand?post=464021"},{"taxonomy":"product_cat","embeddable":true,"href":"https:\/\/lucacastelli.com\/de\/wp-json\/wp\/v2\/product_cat?post=464021"},{"taxonomy":"product_tag","embeddable":true,"href":"https:\/\/lucacastelli.com\/de\/wp-json\/wp\/v2\/product_tag?post=464021"}],"curies":[{"name":"wp","href":"https:\/\/api.w.org\/{rel}","templated":true}]}}