{"id":464013,"date":"2025-06-01T06:36:03","date_gmt":"2025-06-01T04:36:03","guid":{"rendered":"https:\/\/lucacastelli.com\/prodotto\/ruettelbohle-bohlenstaebe-6\/"},"modified":"2025-07-19T17:35:07","modified_gmt":"2025-07-19T15:35:07","slug":"ruettelbohle-bohlenstaebe-6","status":"publish","type":"product","link":"https:\/\/lucacastelli.com\/de\/produkt\/ruettelbohle-bohlenstaebe-6\/","title":{"rendered":"MILWAUKEE R\u00fcttelbohle Estrich"},"content":{"rendered":"<p>Unsere Bohlen zeichnen sich durch eine extrem steife Doppeldreieckskonstruktion aus, die eine gleichm\u00e4\u00dfige Schwingungs\u00fcbertragung \u00fcber die gesamte L\u00e4nge der Stange gew\u00e4hrleistet&lt;Br&gt;  Leichte Magnesium-Hirsche zur Reduzierung des Werkzeuggewichts&lt;Br&gt;  Schraubstockdesign ohne L\u00f6cher an der Stange, um eine schnelle und einfache Befestigung des Estrichs am Werkzeug zu erm\u00f6glichen&lt;Br&gt;  Verf\u00fcgbare Gr\u00f6\u00dfen von 1,22 m bis 4,87 m&lt;Br&gt;  Kompatibel mit der MX FUEL\u2122 R\u00fcttelbohle<\/p>\n<p>STRICHCODE: 4058546375706<\/p>\n<p>Technische<br \/>\nDaten 3.6<\/p>\n","protected":false},"excerpt":{"rendered":"<p>Unsere Bohlen zeichnen sich durch eine extrem steife Doppeldreieckskonstruktion aus, die eine gleichm\u00e4\u00dfige Schwingungs\u00fcbertragung \u00fcber die gesamte L\u00e4nge der Stange<\/p>\n","protected":false},"featured_media":432983,"template":"","meta":{"_seopress_robots_primary_cat":"","_seopress_titles_title":"","_seopress_titles_desc":"","_seopress_robots_index":""},"product_brand":[3407],"product_cat":[29,514,560],"product_tag":[3270],"class_list":{"0":"post-464013","1":"product","2":"type-product","3":"status-publish","4":"has-post-thumbnail","6":"product_brand-milwaukee","7":"product_cat-macchinari","8":"product_cat-altri-dispositivi","9":"product_cat-vibratore-per-calcestruzzo","10":"product_tag-import-milwau","11":"sws-gruppo-macchinari-de","12":"sws-conto-ricavi-merci-rivendita-macchinari-de","13":"sws-gruppo-iva-iva81-de","15":"first","16":"instock","17":"purchasable","18":"product-type-simple"},"_links":{"self":[{"href":"https:\/\/lucacastelli.com\/de\/wp-json\/wp\/v2\/product\/464013","targetHints":{"allow":["GET"]}}],"collection":[{"href":"https:\/\/lucacastelli.com\/de\/wp-json\/wp\/v2\/product"}],"about":[{"href":"https:\/\/lucacastelli.com\/de\/wp-json\/wp\/v2\/types\/product"}],"wp:featuredmedia":[{"embeddable":true,"href":"https:\/\/lucacastelli.com\/de\/wp-json\/wp\/v2\/media\/432983"}],"wp:attachment":[{"href":"https:\/\/lucacastelli.com\/de\/wp-json\/wp\/v2\/media?parent=464013"}],"wp:term":[{"taxonomy":"product_brand","embeddable":true,"href":"https:\/\/lucacastelli.com\/de\/wp-json\/wp\/v2\/product_brand?post=464013"},{"taxonomy":"product_cat","embeddable":true,"href":"https:\/\/lucacastelli.com\/de\/wp-json\/wp\/v2\/product_cat?post=464013"},{"taxonomy":"product_tag","embeddable":true,"href":"https:\/\/lucacastelli.com\/de\/wp-json\/wp\/v2\/product_tag?post=464013"}],"curies":[{"name":"wp","href":"https:\/\/api.w.org\/{rel}","templated":true}]}}