{"id":464008,"date":"2025-06-01T06:35:56","date_gmt":"2025-06-01T04:35:56","guid":{"rendered":"https:\/\/lucacastelli.com\/prodotto\/ruettel-estrich-3\/"},"modified":"2025-07-19T17:35:00","modified_gmt":"2025-07-19T15:35:00","slug":"ruettel-estrich-3","status":"publish","type":"product","link":"https:\/\/lucacastelli.com\/de\/produkt\/ruettel-estrich-3\/","title":{"rendered":"MILWAUKEE R\u00fcttelbohle"},"content":{"rendered":"<p>Die MX FUEL\u2122 R\u00fcttelbohle, auch Libellula genannt, ist die ideale L\u00f6sung f\u00fcr die Arbeit auf gro\u00dfen Fl\u00e4chen, da sie eine Leistung auf dem Niveau von Benzinmodellen bietet, aber Emissionen und damit verbundene Risiken eliminiert&lt;Br&gt;  Kompatibel mit Milwaukee bis 4,87 Meter, austauschbar&lt;Br&gt;  Der Netzschalter sorgt f\u00fcr sofortige Stromversorgung, wodurch die Langsamkeit der Serienz\u00fcndung beseitigt und Ausfallzeiten reduziert werden &#8211; so k\u00f6nnen Sie die Arbeit schneller erledigen, ohne Kompromisse bei Leistung oder Laufzeit einzugehen&lt;Br&gt;  B\u00fcrstenloser POWERSTATE-Motor\u00ae mit einer Leistung von bis zu 9.000 Schwingungen pro Minute (bei 4,87 Meter Bohlen), einstellbar \u00fcber ein Potentiometer, f\u00fcr maximale Kontrolle im Beton&lt;Br&gt;  Klappbare Griffe f\u00fcr den einfachen Transport zur Baustelle&lt;Br&gt;  Schnelle Verbindung zwischen Werkzeug und Bohle durch zwei Schrauben&lt;Br&gt;  Bis zu zwei Stunden Akkulaufzeit mit 1 x 3,0 Ah CP203 Akku (bei 3,65 m Estrich)&lt;Br&gt;  Stangen separat erh\u00e4ltlich (1,22, 1,83, 2,44, 3, 3,65, 4,25, 4,87 Meter). 3 m Estrich im MXF PSCKIT-302 Kit erh\u00e4ltlich &lt;Br&gt;  Das MX FUEL-System\u2122 erm\u00f6glicht es Ihnen, neue Horizonte mit der Batterie zu erreichen: Leistung von Benzin-, Draht- oder pneumatischen L\u00f6sungen, wodurch die Gefahren eliminiert werden, die mit Emissionen, L\u00e4rm, Vibrationen, Stolpern und komplexer Wartung verbunden sind&lt;Br&gt;  Das ONE-KEY\u2122 Tracking &amp; Security-System bietet einen kostenlosen Cloud-basierten Tracking- und Bestandsverwaltungsdienst und verf\u00fcgt gleichzeitig \u00fcber Remote-Blockierungsfunktionen&lt;Br&gt;  Lieferung mit 9\/16 Zollschl\u00fcssel<\/p>\n<p>STRICHCODE: 4058546375652<\/p>\n<p>Technische<br \/>\nDaten Lieferung ohne Kitbox oder Tasche<\/p>\n<p>Lieferung ohne Batterien, Lieferung ohne Ladeger\u00e4t, Lieferung ohne Kitbox oder Tasche, Schl\u00fcssel 9\/16Zoll<\/p>\n","protected":false},"excerpt":{"rendered":"<p>Die MX FUEL\u2122 R\u00fcttelbohle, auch Libellula genannt, ist die ideale L\u00f6sung f\u00fcr die Arbeit auf gro\u00dfen Fl\u00e4chen, da sie eine<\/p>\n","protected":false},"featured_media":432872,"template":"","meta":{"_seopress_robots_primary_cat":"","_seopress_titles_title":"","_seopress_titles_desc":"","_seopress_robots_index":""},"product_brand":[3407],"product_cat":[29,514,560],"product_tag":[3270],"class_list":{"0":"post-464008","1":"product","2":"type-product","3":"status-publish","4":"has-post-thumbnail","6":"product_brand-milwaukee","7":"product_cat-macchinari","8":"product_cat-altri-dispositivi","9":"product_cat-vibratore-per-calcestruzzo","10":"product_tag-import-milwau","11":"sws-gruppo-macchinari-de","12":"sws-conto-ricavi-merci-rivendita-macchinari-de","13":"sws-gruppo-iva-iva81-de","15":"first","16":"instock","17":"purchasable","18":"product-type-simple"},"_links":{"self":[{"href":"https:\/\/lucacastelli.com\/de\/wp-json\/wp\/v2\/product\/464008","targetHints":{"allow":["GET"]}}],"collection":[{"href":"https:\/\/lucacastelli.com\/de\/wp-json\/wp\/v2\/product"}],"about":[{"href":"https:\/\/lucacastelli.com\/de\/wp-json\/wp\/v2\/types\/product"}],"wp:featuredmedia":[{"embeddable":true,"href":"https:\/\/lucacastelli.com\/de\/wp-json\/wp\/v2\/media\/432872"}],"wp:attachment":[{"href":"https:\/\/lucacastelli.com\/de\/wp-json\/wp\/v2\/media?parent=464008"}],"wp:term":[{"taxonomy":"product_brand","embeddable":true,"href":"https:\/\/lucacastelli.com\/de\/wp-json\/wp\/v2\/product_brand?post=464008"},{"taxonomy":"product_cat","embeddable":true,"href":"https:\/\/lucacastelli.com\/de\/wp-json\/wp\/v2\/product_cat?post=464008"},{"taxonomy":"product_tag","embeddable":true,"href":"https:\/\/lucacastelli.com\/de\/wp-json\/wp\/v2\/product_tag?post=464008"}],"curies":[{"name":"wp","href":"https:\/\/api.w.org\/{rel}","templated":true}]}}