{"id":464005,"date":"2025-06-01T04:10:55","date_gmt":"2025-06-01T02:10:55","guid":{"rendered":"https:\/\/lucacastelli.com\/prodotto\/ms-194-c-e-schnittlaenge-30cm-carv-rms\/"},"modified":"2026-01-08T22:35:10","modified_gmt":"2026-01-08T21:35:10","slug":"ms-194-c-e-schnittlaenge-30cm-carv-rms","status":"publish","type":"product","link":"https:\/\/lucacastelli.com\/de\/produkt\/ms-194-c-e-schnittlaenge-30cm-carv-rms\/","title":{"rendered":"STIHL MS 194 C-E, Schnittl\u00e4nge 30cm, Carv. RMS"},"content":{"rendered":"<p>Handliche Carving Kettens\u00e4ge. STIHL ErgoStart und die Kraftstoffpumpe erm\u00f6glichen ein einfaches und leichtes Starten. Ausgestattet mit STIHL Tranchierstab und einer 1\/4&#8243; RMS-Kette f\u00fcr pr\u00e4zises und sicheres Arbeiten. \u00dcberlegene Schnittleistung dank STIHL 2-MIX-Motor.<br \/>\n886661935383   <\/p>\n<p>Hubraum 31,8<br \/>\nLeistung Leistung<\/p>\n<p>Leistung Leistung<br \/>\nLeistung 1,90<br \/>\nCO2 803<\/p>\n","protected":false},"excerpt":{"rendered":"<p>MS 194 C-E, Schnittl\u00e4nge 30cm, Carv. RMS <\/p>\n","protected":false},"featured_media":440843,"template":"","meta":{"_seopress_robots_primary_cat":"","_seopress_titles_title":"","_seopress_titles_desc":"","_seopress_robots_index":""},"product_brand":[3554],"product_cat":[169,1616],"product_tag":[3266],"class_list":{"0":"post-464005","1":"product","2":"type-product","3":"status-publish","4":"has-post-thumbnail","6":"product_brand-stihl-de","7":"product_cat-maschinen","8":"product_cat-motor-kettensagen","9":"product_tag-import-stihl-de","10":"sws-gruppo-macchinari-de","11":"sws-conto-ricavi-merci-rivendita-macchinari-de","12":"sws-gruppo-iva-iva81-de","14":"first","15":"onbackorder","16":"purchasable","17":"product-type-simple"},"_links":{"self":[{"href":"https:\/\/lucacastelli.com\/de\/wp-json\/wp\/v2\/product\/464005","targetHints":{"allow":["GET"]}}],"collection":[{"href":"https:\/\/lucacastelli.com\/de\/wp-json\/wp\/v2\/product"}],"about":[{"href":"https:\/\/lucacastelli.com\/de\/wp-json\/wp\/v2\/types\/product"}],"wp:featuredmedia":[{"embeddable":true,"href":"https:\/\/lucacastelli.com\/de\/wp-json\/wp\/v2\/media\/440843"}],"wp:attachment":[{"href":"https:\/\/lucacastelli.com\/de\/wp-json\/wp\/v2\/media?parent=464005"}],"wp:term":[{"taxonomy":"product_brand","embeddable":true,"href":"https:\/\/lucacastelli.com\/de\/wp-json\/wp\/v2\/product_brand?post=464005"},{"taxonomy":"product_cat","embeddable":true,"href":"https:\/\/lucacastelli.com\/de\/wp-json\/wp\/v2\/product_cat?post=464005"},{"taxonomy":"product_tag","embeddable":true,"href":"https:\/\/lucacastelli.com\/de\/wp-json\/wp\/v2\/product_tag?post=464005"}],"curies":[{"name":"wp","href":"https:\/\/api.w.org\/{rel}","templated":true}]}}