{"id":463999,"date":"2025-06-01T04:10:38","date_gmt":"2025-06-01T02:10:38","guid":{"rendered":"https:\/\/lucacastelli.com\/prodotto\/ms-194-c-e-30cm-schnittlaenge-pm3\/"},"modified":"2025-06-28T03:58:22","modified_gmt":"2025-06-28T01:58:22","slug":"ms-194-c-e-30cm-schnittlaenge-pm3","status":"publish","type":"product","link":"https:\/\/lucacastelli.com\/de\/produkt\/ms-194-c-e-30cm-schnittlaenge-pm3\/","title":{"rendered":"STIHL MS 194 C-E, 30cm Schnittl\u00e4nge, PM3"},"content":{"rendered":"<p>STIHL Kettens\u00e4ge f\u00fcr Baumpflege- und Durchforstungsarbeiten sowie zum Schneiden von Brennholz. STIHL ErgoStart und die Kraftstoffpumpe erm\u00f6glichen ein einfaches und leichtes Starten. Mit 3\/8&#8243; PM3 Kette. \u00dcberlegene Schneidleistung bei reduziertem Kraftstoffverbrauch dank des 2-Mix-Motors.<br \/>\n886661935369   <\/p>\n<p>Hubraum 31,8<br \/>\nLeistung Leistung<\/p>\n<p>Leistung Leistung<br \/>\nLeistung 1,90<br \/>\nCO2 803<\/p>\n","protected":false},"excerpt":{"rendered":"<p>MS 194 C-E, 30cm Schnittl\u00e4nge, PM3<\/p>\n","protected":false},"featured_media":440830,"template":"","meta":{"_seopress_robots_primary_cat":"","_seopress_titles_title":"","_seopress_titles_desc":"","_seopress_robots_index":""},"product_brand":[3554],"product_cat":[169,1616],"product_tag":[3266],"class_list":{"0":"post-463999","1":"product","2":"type-product","3":"status-publish","4":"has-post-thumbnail","6":"product_brand-stihl-de","7":"product_cat-maschinen","8":"product_cat-motor-kettensagen","9":"product_tag-import-stihl-de","10":"sws-gruppo-macchinari-de","11":"sws-conto-ricavi-merci-rivendita-macchinari-de","12":"sws-gruppo-iva-iva81-de","14":"first","15":"onbackorder","16":"purchasable","17":"product-type-simple"},"_links":{"self":[{"href":"https:\/\/lucacastelli.com\/de\/wp-json\/wp\/v2\/product\/463999","targetHints":{"allow":["GET"]}}],"collection":[{"href":"https:\/\/lucacastelli.com\/de\/wp-json\/wp\/v2\/product"}],"about":[{"href":"https:\/\/lucacastelli.com\/de\/wp-json\/wp\/v2\/types\/product"}],"wp:featuredmedia":[{"embeddable":true,"href":"https:\/\/lucacastelli.com\/de\/wp-json\/wp\/v2\/media\/440830"}],"wp:attachment":[{"href":"https:\/\/lucacastelli.com\/de\/wp-json\/wp\/v2\/media?parent=463999"}],"wp:term":[{"taxonomy":"product_brand","embeddable":true,"href":"https:\/\/lucacastelli.com\/de\/wp-json\/wp\/v2\/product_brand?post=463999"},{"taxonomy":"product_cat","embeddable":true,"href":"https:\/\/lucacastelli.com\/de\/wp-json\/wp\/v2\/product_cat?post=463999"},{"taxonomy":"product_tag","embeddable":true,"href":"https:\/\/lucacastelli.com\/de\/wp-json\/wp\/v2\/product_tag?post=463999"}],"curies":[{"name":"wp","href":"https:\/\/api.w.org\/{rel}","templated":true}]}}