{"id":463993,"date":"2025-06-01T04:10:31","date_gmt":"2025-06-01T02:10:31","guid":{"rendered":"https:\/\/lucacastelli.com\/prodotto\/ms-194-t-schnittlaenge-35cm-light-pmm3\/"},"modified":"2025-12-18T09:11:24","modified_gmt":"2025-12-18T08:11:24","slug":"ms-194-t-schnittlaenge-35cm-light-pmm3","status":"publish","type":"product","link":"https:\/\/lucacastelli.com\/de\/produkt\/ms-194-t-schnittlaenge-35cm-light-pmm3\/","title":{"rendered":"STIHL MS 194 T, Schnittl\u00e4nge 35cm, Light PMM3"},"content":{"rendered":"<p>Die universelle Kettens\u00e4ge STIHL f\u00fcr die Baumpflege; Der leistungsstarke 2-MIX-Motor erf\u00fcllt die Euro-5-Norm. pstrongWarnung: \/strongEs ist speziell f\u00fcr die Baumpflege konzipiert und muss daher von Bedienern verwendet werden, die in der korrekten Anwendung geschult sind!\/p<br \/>\n886661935277<\/p>\n<p>Verdr\u00e4ngung 31,8<br \/>\nPower Power<\/p>\n<p>Power Power Power<br \/>\nPower 1,90<br \/>\nCO2 803<\/p>\n","protected":false},"excerpt":{"rendered":"<p>MS 194 T, Schnittl\u00e4nge 35cm, Light PMM3<\/p>\n","protected":false},"featured_media":440825,"template":"","meta":{"_seopress_robots_primary_cat":"","_seopress_titles_title":"","_seopress_titles_desc":"","_seopress_robots_index":""},"product_brand":[3366],"product_cat":[29,494],"product_tag":[3265],"class_list":{"0":"post-463993","1":"product","2":"type-product","3":"status-publish","4":"has-post-thumbnail","6":"product_brand-stihl","7":"product_cat-macchinari","8":"product_cat-motoseghe-a-motore","9":"product_tag-import-stihl","10":"sws-gruppo-macchinari-de","11":"sws-conto-ricavi-merci-rivendita-macchinari-de","12":"sws-gruppo-iva-iva81-de","14":"first","15":"onbackorder","16":"purchasable","17":"product-type-simple"},"_links":{"self":[{"href":"https:\/\/lucacastelli.com\/de\/wp-json\/wp\/v2\/product\/463993","targetHints":{"allow":["GET"]}}],"collection":[{"href":"https:\/\/lucacastelli.com\/de\/wp-json\/wp\/v2\/product"}],"about":[{"href":"https:\/\/lucacastelli.com\/de\/wp-json\/wp\/v2\/types\/product"}],"wp:featuredmedia":[{"embeddable":true,"href":"https:\/\/lucacastelli.com\/de\/wp-json\/wp\/v2\/media\/440825"}],"wp:attachment":[{"href":"https:\/\/lucacastelli.com\/de\/wp-json\/wp\/v2\/media?parent=463993"}],"wp:term":[{"taxonomy":"product_brand","embeddable":true,"href":"https:\/\/lucacastelli.com\/de\/wp-json\/wp\/v2\/product_brand?post=463993"},{"taxonomy":"product_cat","embeddable":true,"href":"https:\/\/lucacastelli.com\/de\/wp-json\/wp\/v2\/product_cat?post=463993"},{"taxonomy":"product_tag","embeddable":true,"href":"https:\/\/lucacastelli.com\/de\/wp-json\/wp\/v2\/product_tag?post=463993"}],"curies":[{"name":"wp","href":"https:\/\/api.w.org\/{rel}","templated":true}]}}