{"id":463979,"date":"2025-06-01T04:09:49","date_gmt":"2025-06-01T02:09:49","guid":{"rendered":"https:\/\/lucacastelli.com\/prodotto\/ms-881-75cm-schnittlaenge-rs\/"},"modified":"2026-03-02T09:37:04","modified_gmt":"2026-03-02T08:37:04","slug":"ms-881-75cm-schnittlaenge-rs","status":"publish","type":"product","link":"https:\/\/lucacastelli.com\/de\/produkt\/ms-881-75cm-schnittlaenge-rs\/","title":{"rendered":"STIHL MS 881, Schnittl\u00e4nge 75 cm, RS"},"content":{"rendered":"<p>Dank ihrer extrem hohen Leistung ideal f\u00fcr das professionelle F\u00e4llen und Aufarbeiten von Starkholz. 2-MIX-Motor f\u00fcr hohe Schnittleistung und enorme Durchzugskraft bei gleichzeitig effizientem Kraftstoffverbrauch.<br \/>\n886661401826 <\/p>\n<p>Hubraum 121,6<br \/>\nLeistung Leistung<\/p>\n<p>Leistung Leistung<br \/>\nLeistung 8,60<br \/>\nCO2 671<\/p>\n","protected":false},"excerpt":{"rendered":"<p>MS 881, Schnittl\u00e4nge 75 cm, RS<\/p>\n","protected":false},"featured_media":693344,"template":"","meta":{"_seopress_robots_primary_cat":"none","_seopress_titles_title":"","_seopress_titles_desc":"","_seopress_robots_index":""},"product_brand":[3366],"product_cat":[29,268,494],"product_tag":[3265],"class_list":{"0":"post-463979","1":"product","2":"type-product","3":"status-publish","4":"has-post-thumbnail","6":"product_brand-stihl","7":"product_cat-macchinari","8":"product_cat-motoseghe","9":"product_cat-motoseghe-a-motore","10":"product_tag-import-stihl","11":"sws-gruppo-macchinari-de","12":"sws-conto-ricavi-merci-rivendita-macchinari-de","13":"sws-gruppo-iva-iva81-de","15":"first","16":"onbackorder","17":"purchasable","18":"product-type-simple"},"_links":{"self":[{"href":"https:\/\/lucacastelli.com\/de\/wp-json\/wp\/v2\/product\/463979","targetHints":{"allow":["GET"]}}],"collection":[{"href":"https:\/\/lucacastelli.com\/de\/wp-json\/wp\/v2\/product"}],"about":[{"href":"https:\/\/lucacastelli.com\/de\/wp-json\/wp\/v2\/types\/product"}],"wp:featuredmedia":[{"embeddable":true,"href":"https:\/\/lucacastelli.com\/de\/wp-json\/wp\/v2\/media\/693344"}],"wp:attachment":[{"href":"https:\/\/lucacastelli.com\/de\/wp-json\/wp\/v2\/media?parent=463979"}],"wp:term":[{"taxonomy":"product_brand","embeddable":true,"href":"https:\/\/lucacastelli.com\/de\/wp-json\/wp\/v2\/product_brand?post=463979"},{"taxonomy":"product_cat","embeddable":true,"href":"https:\/\/lucacastelli.com\/de\/wp-json\/wp\/v2\/product_cat?post=463979"},{"taxonomy":"product_tag","embeddable":true,"href":"https:\/\/lucacastelli.com\/de\/wp-json\/wp\/v2\/product_tag?post=463979"}],"curies":[{"name":"wp","href":"https:\/\/api.w.org\/{rel}","templated":true}]}}