{"id":463953,"date":"2025-06-01T04:07:57","date_gmt":"2025-06-01T02:07:57","guid":{"rendered":"https:\/\/lucacastelli.com\/prodotto\/saege-datei\/"},"modified":"2025-06-28T03:57:24","modified_gmt":"2025-06-28T01:57:24","slug":"saege-datei","status":"publish","type":"product","link":"https:\/\/lucacastelli.com\/de\/produkt\/saege-datei\/","title":{"rendered":"STIHL S\u00e4ge-Datei"},"content":{"rendered":"<p>Flachfeile f\u00fcr Buschmesser und Kreiss\u00e4gen mit spitzen Z\u00e4hnen.<br \/>\n795711019365<\/p>\n","protected":false},"excerpt":{"rendered":"<p>S\u00e4ge-Datei<\/p>\n","protected":false},"featured_media":440769,"template":"","meta":{"_seopress_robots_primary_cat":"","_seopress_titles_title":"","_seopress_titles_desc":"","_seopress_robots_index":""},"product_brand":[3366],"product_cat":[29,1103],"product_tag":[3265],"class_list":{"0":"post-463953","1":"product","2":"type-product","3":"status-publish","4":"has-post-thumbnail","6":"product_brand-stihl","7":"product_cat-macchinari","8":"product_cat-shops","9":"product_tag-import-stihl","10":"sws-gruppo-macchinari-de","11":"sws-conto-ricavi-merci-rivendita-macchinari-de","12":"sws-gruppo-iva-iva81-de","14":"first","15":"onbackorder","16":"purchasable","17":"product-type-simple"},"_links":{"self":[{"href":"https:\/\/lucacastelli.com\/de\/wp-json\/wp\/v2\/product\/463953","targetHints":{"allow":["GET"]}}],"collection":[{"href":"https:\/\/lucacastelli.com\/de\/wp-json\/wp\/v2\/product"}],"about":[{"href":"https:\/\/lucacastelli.com\/de\/wp-json\/wp\/v2\/types\/product"}],"wp:featuredmedia":[{"embeddable":true,"href":"https:\/\/lucacastelli.com\/de\/wp-json\/wp\/v2\/media\/440769"}],"wp:attachment":[{"href":"https:\/\/lucacastelli.com\/de\/wp-json\/wp\/v2\/media?parent=463953"}],"wp:term":[{"taxonomy":"product_brand","embeddable":true,"href":"https:\/\/lucacastelli.com\/de\/wp-json\/wp\/v2\/product_brand?post=463953"},{"taxonomy":"product_cat","embeddable":true,"href":"https:\/\/lucacastelli.com\/de\/wp-json\/wp\/v2\/product_cat?post=463953"},{"taxonomy":"product_tag","embeddable":true,"href":"https:\/\/lucacastelli.com\/de\/wp-json\/wp\/v2\/product_tag?post=463953"}],"curies":[{"name":"wp","href":"https:\/\/api.w.org\/{rel}","templated":true}]}}