{"id":463945,"date":"2025-06-01T02:50:36","date_gmt":"2025-06-01T00:50:36","guid":{"rendered":"https:\/\/lucacastelli.com\/prodotto\/cf3-pro-draht-o-27-mm-x-2800-m-3k\/"},"modified":"2026-01-05T15:01:49","modified_gmt":"2026-01-05T14:01:49","slug":"cf3-pro-draht-o-27-mm-x-2800-m-3k","status":"publish","type":"product","link":"https:\/\/lucacastelli.com\/de\/produkt\/cf3-pro-draht-o-27-mm-x-2800-m-3k\/","title":{"rendered":"STIHL CF3 Pro Faden \u00d8 2,7 mm x 280,0 m 3K"},"content":{"rendered":"<p>Dank des CF3 Pro-Systems wurde ein noch st\u00e4rkerer Draht entwickelt. Das Dreikomponentengarn besteht aus hochwertigen Polyamiden, die f\u00fcr eine l\u00e4ngere Lebensdauer sorgen. Durch das Aufwickeln der Dr\u00e4hte wird das Pfeifen, das beim Schneiden zu h\u00f6ren ist, reduziert. Dar\u00fcber hinaus erm\u00f6glicht das neue kreuzf\u00f6rmige Profil eine bessere Schnittleistung und eine h\u00f6here Pr\u00e4zision entlang der Kanten. Der Hi-Tech-Draht ist mit vielen STIHL B\u00fcrstenk\u00f6pfen kompatibel.\/p<br \/>\n886661318018<\/p>\n","protected":false},"excerpt":{"rendered":"<p>CF3 Pro Draht \u00d8 2,7 mm x 280,0 m 3K<\/p>\n","protected":false},"featured_media":438211,"template":"","meta":{"_seopress_robots_primary_cat":"","_seopress_titles_title":"","_seopress_titles_desc":"","_seopress_robots_index":""},"product_brand":[3554],"product_cat":[1581,169,1455],"product_tag":[3266],"class_list":{"0":"post-463945","1":"product","2":"type-product","3":"status-publish","4":"has-post-thumbnail","6":"product_brand-stihl-de","7":"product_cat-freischneider-und-trimmer","8":"product_cat-maschinen","9":"product_cat-zubehor-und-verbrauchsmaterial-de","10":"product_tag-import-stihl-de","11":"sws-gruppo-macchinari-de","12":"sws-conto-ricavi-merci-rivendita-macchinari-de","13":"sws-gruppo-iva-iva81-de","15":"first","16":"onbackorder","17":"purchasable","18":"product-type-simple"},"_links":{"self":[{"href":"https:\/\/lucacastelli.com\/de\/wp-json\/wp\/v2\/product\/463945","targetHints":{"allow":["GET"]}}],"collection":[{"href":"https:\/\/lucacastelli.com\/de\/wp-json\/wp\/v2\/product"}],"about":[{"href":"https:\/\/lucacastelli.com\/de\/wp-json\/wp\/v2\/types\/product"}],"wp:featuredmedia":[{"embeddable":true,"href":"https:\/\/lucacastelli.com\/de\/wp-json\/wp\/v2\/media\/438211"}],"wp:attachment":[{"href":"https:\/\/lucacastelli.com\/de\/wp-json\/wp\/v2\/media?parent=463945"}],"wp:term":[{"taxonomy":"product_brand","embeddable":true,"href":"https:\/\/lucacastelli.com\/de\/wp-json\/wp\/v2\/product_brand?post=463945"},{"taxonomy":"product_cat","embeddable":true,"href":"https:\/\/lucacastelli.com\/de\/wp-json\/wp\/v2\/product_cat?post=463945"},{"taxonomy":"product_tag","embeddable":true,"href":"https:\/\/lucacastelli.com\/de\/wp-json\/wp\/v2\/product_tag?post=463945"}],"curies":[{"name":"wp","href":"https:\/\/api.w.org\/{rel}","templated":true}]}}