{"id":463917,"date":"2025-06-01T02:49:28","date_gmt":"2025-06-01T00:49:28","guid":{"rendered":"https:\/\/lucacastelli.com\/prodotto\/cf3-pro-draht-o-33-mm-x-340-m-3k\/"},"modified":"2026-03-09T00:37:08","modified_gmt":"2026-03-08T23:37:08","slug":"cf3-pro-draht-o-33-mm-x-340-m-3k","status":"publish","type":"product","link":"https:\/\/lucacastelli.com\/de\/produkt\/cf3-pro-draht-o-33-mm-x-340-m-3k\/","title":{"rendered":"STIHL CF3 Pro Faden \u00d8 3,3 mm x 34,0 m 3K"},"content":{"rendered":"<p>Dank des CF3 Pro-Systems wurde ein noch widerstandsf\u00e4higerer Faden entwickelt. Der dreikomponentige Faden wird aus hochwertigen Polyamiden hergestellt und garantiert eine l\u00e4ngere Lebensdauer. Durch die Umwicklung der F\u00e4den wird das beim Schneiden entstehende Pfeifger\u00e4usch reduziert. Zudem erm\u00f6glicht das neue kreuzf\u00f6rmige Profil bessere Schneidleistung und h\u00f6here Pr\u00e4zision entlang der Kanten. Der High-Tech-Faden ist mit vielen STIHL-M\u00e4hk\u00f6pfen kompatibel<br \/>\n886661352593<\/p>\n","protected":false},"excerpt":{"rendered":"<p>CF3 Pro Faden \u00d8 3,3 mm x 34,0 m 3K<\/p>\n","protected":false},"featured_media":438179,"template":"","meta":{"_seopress_robots_primary_cat":"none","_seopress_titles_title":"","_seopress_titles_desc":"","_seopress_robots_index":""},"product_brand":[3366],"product_cat":[29,270,271],"product_tag":[3265],"class_list":{"0":"post-463917","1":"product","2":"type-product","3":"status-publish","4":"has-post-thumbnail","6":"product_brand-stihl","7":"product_cat-macchinari","8":"product_cat-decespugliatori-e-tagliabordi","9":"product_cat-accessori-e-materiale-di-consumo-decespugliatori-e-tagliabordi","10":"product_tag-import-stihl","11":"sws-gruppo-macchinari-de","12":"sws-conto-ricavi-merci-rivendita-macchinari-de","13":"sws-gruppo-iva-iva81-de","15":"first","16":"onbackorder","17":"purchasable","18":"product-type-simple"},"_links":{"self":[{"href":"https:\/\/lucacastelli.com\/de\/wp-json\/wp\/v2\/product\/463917","targetHints":{"allow":["GET"]}}],"collection":[{"href":"https:\/\/lucacastelli.com\/de\/wp-json\/wp\/v2\/product"}],"about":[{"href":"https:\/\/lucacastelli.com\/de\/wp-json\/wp\/v2\/types\/product"}],"wp:featuredmedia":[{"embeddable":true,"href":"https:\/\/lucacastelli.com\/de\/wp-json\/wp\/v2\/media\/438179"}],"wp:attachment":[{"href":"https:\/\/lucacastelli.com\/de\/wp-json\/wp\/v2\/media?parent=463917"}],"wp:term":[{"taxonomy":"product_brand","embeddable":true,"href":"https:\/\/lucacastelli.com\/de\/wp-json\/wp\/v2\/product_brand?post=463917"},{"taxonomy":"product_cat","embeddable":true,"href":"https:\/\/lucacastelli.com\/de\/wp-json\/wp\/v2\/product_cat?post=463917"},{"taxonomy":"product_tag","embeddable":true,"href":"https:\/\/lucacastelli.com\/de\/wp-json\/wp\/v2\/product_tag?post=463917"}],"curies":[{"name":"wp","href":"https:\/\/api.w.org\/{rel}","templated":true}]}}