{"id":463870,"date":"2025-06-01T02:47:39","date_gmt":"2025-06-01T00:47:39","guid":{"rendered":"https:\/\/lucacastelli.com\/prodotto\/vierkantdraht-o-24-mm-x-410-m-orange\/"},"modified":"2026-03-09T00:37:08","modified_gmt":"2026-03-08T23:37:08","slug":"vierkantdraht-o-24-mm-x-410-m-orange","status":"publish","type":"product","link":"https:\/\/lucacastelli.com\/de\/produkt\/vierkantdraht-o-24-mm-x-410-m-orange\/","title":{"rendered":"STIHL M\u00e4hfaden quadratisch \u00d8 2,4 mm x 41,0 m orange"},"content":{"rendered":"<p>F\u00fcr den effektiven Schnitt von dickem und holzigem Gras und Unkraut.<br \/>\n886661002801<\/p>\n","protected":false},"excerpt":{"rendered":"<p>M\u00e4hfaden quadratisch \u00d8 2,4 mm x 41,0 m orange<\/p>\n","protected":false},"featured_media":438131,"template":"","meta":{"_seopress_robots_primary_cat":"none","_seopress_titles_title":"","_seopress_titles_desc":"","_seopress_robots_index":""},"product_brand":[3554],"product_cat":[1581,169,1455],"product_tag":[3266],"class_list":{"0":"post-463870","1":"product","2":"type-product","3":"status-publish","4":"has-post-thumbnail","6":"product_brand-stihl-de","7":"product_cat-freischneider-und-trimmer","8":"product_cat-maschinen","9":"product_cat-zubehor-und-verbrauchsmaterial-de","10":"product_tag-import-stihl-de","11":"sws-gruppo-macchinari-de","12":"sws-conto-ricavi-merci-rivendita-macchinari-de","13":"sws-gruppo-iva-iva81-de","15":"first","16":"onbackorder","17":"purchasable","18":"product-type-simple"},"_links":{"self":[{"href":"https:\/\/lucacastelli.com\/de\/wp-json\/wp\/v2\/product\/463870","targetHints":{"allow":["GET"]}}],"collection":[{"href":"https:\/\/lucacastelli.com\/de\/wp-json\/wp\/v2\/product"}],"about":[{"href":"https:\/\/lucacastelli.com\/de\/wp-json\/wp\/v2\/types\/product"}],"wp:featuredmedia":[{"embeddable":true,"href":"https:\/\/lucacastelli.com\/de\/wp-json\/wp\/v2\/media\/438131"}],"wp:attachment":[{"href":"https:\/\/lucacastelli.com\/de\/wp-json\/wp\/v2\/media?parent=463870"}],"wp:term":[{"taxonomy":"product_brand","embeddable":true,"href":"https:\/\/lucacastelli.com\/de\/wp-json\/wp\/v2\/product_brand?post=463870"},{"taxonomy":"product_cat","embeddable":true,"href":"https:\/\/lucacastelli.com\/de\/wp-json\/wp\/v2\/product_cat?post=463870"},{"taxonomy":"product_tag","embeddable":true,"href":"https:\/\/lucacastelli.com\/de\/wp-json\/wp\/v2\/product_tag?post=463870"}],"curies":[{"name":"wp","href":"https:\/\/api.w.org\/{rel}","templated":true}]}}