{"id":463846,"date":"2025-06-01T02:46:52","date_gmt":"2025-06-01T00:46:52","guid":{"rendered":"https:\/\/lucacastelli.com\/prodotto\/runder-und-leiser-draht-o-16-mm-x-190-m-blau\/"},"modified":"2026-03-09T00:37:10","modified_gmt":"2026-03-08T23:37:10","slug":"runder-und-leiser-draht-o-16-mm-x-190-m-blau","status":"publish","type":"product","link":"https:\/\/lucacastelli.com\/de\/produkt\/runder-und-leiser-draht-o-16-mm-x-190-m-blau\/","title":{"rendered":"STIHL M\u00e4hfaden rund und ger\u00e4uscharm \u00d8 1,6 mm x 19,0 m blau"},"content":{"rendered":"<p>pZur Verwendung mit elektrischen und akkubetriebenen Freischneidern mit reduzierter Ger\u00e4uschentwicklung.\/p<br \/>\n886661002603<\/p>\n","protected":false},"excerpt":{"rendered":"<p>M\u00e4hfaden rund und ger\u00e4uscharm \u00d8 1,6 mm x 19,0 m blau<\/p>\n","protected":false},"featured_media":425688,"template":"","meta":{"_seopress_robots_primary_cat":"none","_seopress_titles_title":"","_seopress_titles_desc":"","_seopress_robots_index":""},"product_brand":[3554],"product_cat":[169,1455,1581],"product_tag":[3266],"class_list":{"0":"post-463846","1":"product","2":"type-product","3":"status-publish","4":"has-post-thumbnail","6":"product_brand-stihl-de","7":"product_cat-maschinen","8":"product_cat-zubehor-und-verbrauchsmaterial-de","9":"product_cat-freischneider-und-trimmer","10":"product_tag-import-stihl-de","11":"sws-gruppo-macchinari-de","12":"sws-conto-ricavi-merci-rivendita-macchinari-de","13":"sws-gruppo-iva-iva81-de","15":"first","16":"onbackorder","17":"purchasable","18":"product-type-simple"},"_links":{"self":[{"href":"https:\/\/lucacastelli.com\/de\/wp-json\/wp\/v2\/product\/463846","targetHints":{"allow":["GET"]}}],"collection":[{"href":"https:\/\/lucacastelli.com\/de\/wp-json\/wp\/v2\/product"}],"about":[{"href":"https:\/\/lucacastelli.com\/de\/wp-json\/wp\/v2\/types\/product"}],"wp:featuredmedia":[{"embeddable":true,"href":"https:\/\/lucacastelli.com\/de\/wp-json\/wp\/v2\/media\/425688"}],"wp:attachment":[{"href":"https:\/\/lucacastelli.com\/de\/wp-json\/wp\/v2\/media?parent=463846"}],"wp:term":[{"taxonomy":"product_brand","embeddable":true,"href":"https:\/\/lucacastelli.com\/de\/wp-json\/wp\/v2\/product_brand?post=463846"},{"taxonomy":"product_cat","embeddable":true,"href":"https:\/\/lucacastelli.com\/de\/wp-json\/wp\/v2\/product_cat?post=463846"},{"taxonomy":"product_tag","embeddable":true,"href":"https:\/\/lucacastelli.com\/de\/wp-json\/wp\/v2\/product_tag?post=463846"}],"curies":[{"name":"wp","href":"https:\/\/api.w.org\/{rel}","templated":true}]}}