{"id":463819,"date":"2025-06-01T02:46:00","date_gmt":"2025-06-01T00:46:00","guid":{"rendered":"https:\/\/lucacastelli.com\/prodotto\/runddraht-o-20-mm-x-140-m-gruen\/"},"modified":"2026-03-02T11:22:58","modified_gmt":"2026-03-02T10:22:58","slug":"runddraht-o-20-mm-x-140-m-gruen","status":"publish","type":"product","link":"https:\/\/lucacastelli.com\/de\/produkt\/runddraht-o-20-mm-x-140-m-gruen\/","title":{"rendered":"STIHL M\u00e4hfaden rund \u00d8 2,0 mm x 14,0 m gr\u00fcn"},"content":{"rendered":"<p>pExtrem vielseitig, zum Schneiden und Schneiden.\/p<br \/>\n886661002610<\/p>\n","protected":false},"excerpt":{"rendered":"<p>M\u00e4hfaden rund \u00d8 2,0 mm x 14,0 m gr\u00fcn<\/p>\n","protected":false},"featured_media":425650,"template":"","meta":{"_seopress_robots_primary_cat":"none","_seopress_titles_title":"","_seopress_titles_desc":"","_seopress_robots_index":""},"product_brand":[3554],"product_cat":[169,1581,1582],"product_tag":[3266],"class_list":{"0":"post-463819","1":"product","2":"type-product","3":"status-publish","4":"has-post-thumbnail","6":"product_brand-stihl-de","7":"product_cat-maschinen","8":"product_cat-freischneider-und-trimmer","9":"product_cat-zubehor-und-verbrauchsmaterial-de-3","10":"product_tag-import-stihl-de","11":"sws-gruppo-macchinari-de","12":"sws-conto-ricavi-merci-rivendita-macchinari-de","13":"sws-gruppo-iva-iva81-de","15":"first","16":"onbackorder","17":"purchasable","18":"product-type-simple"},"_links":{"self":[{"href":"https:\/\/lucacastelli.com\/de\/wp-json\/wp\/v2\/product\/463819","targetHints":{"allow":["GET"]}}],"collection":[{"href":"https:\/\/lucacastelli.com\/de\/wp-json\/wp\/v2\/product"}],"about":[{"href":"https:\/\/lucacastelli.com\/de\/wp-json\/wp\/v2\/types\/product"}],"wp:featuredmedia":[{"embeddable":true,"href":"https:\/\/lucacastelli.com\/de\/wp-json\/wp\/v2\/media\/425650"}],"wp:attachment":[{"href":"https:\/\/lucacastelli.com\/de\/wp-json\/wp\/v2\/media?parent=463819"}],"wp:term":[{"taxonomy":"product_brand","embeddable":true,"href":"https:\/\/lucacastelli.com\/de\/wp-json\/wp\/v2\/product_brand?post=463819"},{"taxonomy":"product_cat","embeddable":true,"href":"https:\/\/lucacastelli.com\/de\/wp-json\/wp\/v2\/product_cat?post=463819"},{"taxonomy":"product_tag","embeddable":true,"href":"https:\/\/lucacastelli.com\/de\/wp-json\/wp\/v2\/product_tag?post=463819"}],"curies":[{"name":"wp","href":"https:\/\/api.w.org\/{rel}","templated":true}]}}