{"id":463795,"date":"2025-06-01T02:44:48","date_gmt":"2025-06-01T00:44:48","guid":{"rendered":"https:\/\/lucacastelli.com\/prodotto\/schablone-zum-schaerfen-1-4p\/"},"modified":"2025-06-01T02:44:48","modified_gmt":"2025-06-01T00:44:48","slug":"schablone-zum-schaerfen-1-4p","status":"publish","type":"product","link":"https:\/\/lucacastelli.com\/de\/produkt\/schablone-zum-schaerfen-1-4p\/","title":{"rendered":"Schablone zum Sch\u00e4rfen 1\/4&#8243;P"},"content":{"rendered":"<p>Manuell zu verwenden f\u00fcr den Tiefenmesser aus geh\u00e4rtetem Stahl mit spezieller Beschichtung. Zwei Einstellungen: f\u00fcr Hartholz und Weichholz. Mit dem Haken k\u00f6nnen Sie sowohl die Nut der Stange als auch das \u00d6lloch reinigen.<br \/>\n886661363728  <\/p>\n","protected":false},"excerpt":{"rendered":"<p>Schablone zum Sch\u00e4rfen 1\/4&#8243;P<\/p>\n","protected":false},"featured_media":438059,"template":"","meta":{"_seopress_robots_primary_cat":"","_seopress_titles_title":"","_seopress_titles_desc":"","_seopress_robots_index":""},"product_brand":[3366],"product_cat":[29,515,268],"product_tag":[3265],"class_list":{"0":"post-463795","1":"product","2":"type-product","3":"status-publish","4":"has-post-thumbnail","6":"product_brand-stihl","7":"product_cat-macchinari","8":"product_cat-accessori-e-materiale-di-consumo-altri-dispositivi","9":"product_cat-motoseghe","10":"product_tag-import-stihl","11":"sws-gruppo-macchinari-de","12":"sws-conto-ricavi-merci-rivendita-macchinari-de","13":"sws-gruppo-iva-iva81-de","15":"first","16":"onbackorder","17":"purchasable","18":"product-type-simple"},"_links":{"self":[{"href":"https:\/\/lucacastelli.com\/de\/wp-json\/wp\/v2\/product\/463795","targetHints":{"allow":["GET"]}}],"collection":[{"href":"https:\/\/lucacastelli.com\/de\/wp-json\/wp\/v2\/product"}],"about":[{"href":"https:\/\/lucacastelli.com\/de\/wp-json\/wp\/v2\/types\/product"}],"wp:featuredmedia":[{"embeddable":true,"href":"https:\/\/lucacastelli.com\/de\/wp-json\/wp\/v2\/media\/438059"}],"wp:attachment":[{"href":"https:\/\/lucacastelli.com\/de\/wp-json\/wp\/v2\/media?parent=463795"}],"wp:term":[{"taxonomy":"product_brand","embeddable":true,"href":"https:\/\/lucacastelli.com\/de\/wp-json\/wp\/v2\/product_brand?post=463795"},{"taxonomy":"product_cat","embeddable":true,"href":"https:\/\/lucacastelli.com\/de\/wp-json\/wp\/v2\/product_cat?post=463795"},{"taxonomy":"product_tag","embeddable":true,"href":"https:\/\/lucacastelli.com\/de\/wp-json\/wp\/v2\/product_tag?post=463795"}],"curies":[{"name":"wp","href":"https:\/\/api.w.org\/{rel}","templated":true}]}}