{"id":463785,"date":"2025-06-01T02:39:14","date_gmt":"2025-06-01T00:39:14","guid":{"rendered":"https:\/\/lucacastelli.com\/prodotto\/aluminium-hacke\/"},"modified":"2025-06-01T02:39:14","modified_gmt":"2025-06-01T00:39:14","slug":"aluminium-hacke","status":"publish","type":"product","link":"https:\/\/lucacastelli.com\/de\/produkt\/aluminium-hacke\/","title":{"rendered":"Aluminium-Hacke"},"content":{"rendered":"<p>Leichte und handliche Hacke (nur 580 g) aus sehr widerstandsf\u00e4higer Aluminiumlegierung mit Griff aus Kunststoff. Er rutscht dank eines zus\u00e4tzlichen Hakens nicht auf dem Holz ab. Zum Bewegen und Aufnehmen von kleinen St\u00e4mmen und Holzst\u00fccken, ohne den R\u00fccken zu belasten.<br \/>\n795711399917  <\/p>\n","protected":false},"excerpt":{"rendered":"<p>Aluminium-Hacke<\/p>\n","protected":false},"featured_media":425262,"template":"","meta":{"_seopress_robots_primary_cat":"","_seopress_titles_title":"","_seopress_titles_desc":"","_seopress_robots_index":""},"product_brand":[3366],"product_cat":[29,484],"product_tag":[3265],"class_list":{"0":"post-463785","1":"product","2":"type-product","3":"status-publish","4":"has-post-thumbnail","6":"product_brand-stihl","7":"product_cat-macchinari","8":"product_cat-utensili-e-accessori-forestali","9":"product_tag-import-stihl","10":"sws-gruppo-macchinari-de","11":"sws-conto-ricavi-merci-rivendita-macchinari-de","12":"sws-gruppo-iva-iva81-de","14":"first","15":"onbackorder","16":"purchasable","17":"product-type-simple"},"_links":{"self":[{"href":"https:\/\/lucacastelli.com\/de\/wp-json\/wp\/v2\/product\/463785","targetHints":{"allow":["GET"]}}],"collection":[{"href":"https:\/\/lucacastelli.com\/de\/wp-json\/wp\/v2\/product"}],"about":[{"href":"https:\/\/lucacastelli.com\/de\/wp-json\/wp\/v2\/types\/product"}],"wp:featuredmedia":[{"embeddable":true,"href":"https:\/\/lucacastelli.com\/de\/wp-json\/wp\/v2\/media\/425262"}],"wp:attachment":[{"href":"https:\/\/lucacastelli.com\/de\/wp-json\/wp\/v2\/media?parent=463785"}],"wp:term":[{"taxonomy":"product_brand","embeddable":true,"href":"https:\/\/lucacastelli.com\/de\/wp-json\/wp\/v2\/product_brand?post=463785"},{"taxonomy":"product_cat","embeddable":true,"href":"https:\/\/lucacastelli.com\/de\/wp-json\/wp\/v2\/product_cat?post=463785"},{"taxonomy":"product_tag","embeddable":true,"href":"https:\/\/lucacastelli.com\/de\/wp-json\/wp\/v2\/product_tag?post=463785"}],"curies":[{"name":"wp","href":"https:\/\/api.w.org\/{rel}","templated":true}]}}