{"id":463783,"date":"2025-06-01T02:44:43","date_gmt":"2025-06-01T00:44:43","guid":{"rendered":"https:\/\/lucacastelli.com\/prodotto\/bt-gehoerschutz-kapsel-set\/"},"modified":"2025-06-01T02:44:43","modified_gmt":"2025-06-01T00:44:43","slug":"bt-gehoerschutz-kapsel-set","status":"publish","type":"product","link":"https:\/\/lucacastelli.com\/de\/produkt\/bt-gehoerschutz-kapsel-set\/","title":{"rendered":"BT Geh\u00f6rschutz Kapsel Set"},"content":{"rendered":"<p>pKompatibel mit Helmsets aus der ADVANCE-Serie; \u00dcber die Bluetooth-Verbindung k\u00f6nnen Sie Smartphone-Funktionen nutzen, wie z. B. Telefonieren und Musik h\u00f6ren 886661348169.<\/p>\n","protected":false},"excerpt":{"rendered":"<p>BT Geh\u00f6rschutz Kapsel Set<\/p>\n","protected":false},"featured_media":425590,"template":"","meta":{"_seopress_robots_primary_cat":"","_seopress_titles_title":"","_seopress_titles_desc":"","_seopress_robots_index":""},"product_brand":[3366],"product_cat":[29,484],"product_tag":[3265],"class_list":{"0":"post-463783","1":"product","2":"type-product","3":"status-publish","4":"has-post-thumbnail","6":"product_brand-stihl","7":"product_cat-macchinari","8":"product_cat-utensili-e-accessori-forestali","9":"product_tag-import-stihl","10":"sws-gruppo-macchinari-de","11":"sws-conto-ricavi-merci-rivendita-abbigliamento-de","12":"sws-gruppo-iva-iva81-de","14":"first","15":"onbackorder","16":"purchasable","17":"product-type-simple"},"_links":{"self":[{"href":"https:\/\/lucacastelli.com\/de\/wp-json\/wp\/v2\/product\/463783","targetHints":{"allow":["GET"]}}],"collection":[{"href":"https:\/\/lucacastelli.com\/de\/wp-json\/wp\/v2\/product"}],"about":[{"href":"https:\/\/lucacastelli.com\/de\/wp-json\/wp\/v2\/types\/product"}],"wp:featuredmedia":[{"embeddable":true,"href":"https:\/\/lucacastelli.com\/de\/wp-json\/wp\/v2\/media\/425590"}],"wp:attachment":[{"href":"https:\/\/lucacastelli.com\/de\/wp-json\/wp\/v2\/media?parent=463783"}],"wp:term":[{"taxonomy":"product_brand","embeddable":true,"href":"https:\/\/lucacastelli.com\/de\/wp-json\/wp\/v2\/product_brand?post=463783"},{"taxonomy":"product_cat","embeddable":true,"href":"https:\/\/lucacastelli.com\/de\/wp-json\/wp\/v2\/product_cat?post=463783"},{"taxonomy":"product_tag","embeddable":true,"href":"https:\/\/lucacastelli.com\/de\/wp-json\/wp\/v2\/product_tag?post=463783"}],"curies":[{"name":"wp","href":"https:\/\/api.w.org\/{rel}","templated":true}]}}