{"id":463775,"date":"2025-06-01T02:39:06","date_gmt":"2025-06-01T00:39:06","guid":{"rendered":"https:\/\/lucacastelli.com\/?post_type=product&#038;p=463775"},"modified":"2026-02-12T15:54:45","modified_gmt":"2026-02-12T14:54:45","slug":"totungshebel-klein","status":"publish","type":"product","link":"https:\/\/lucacastelli.com\/de\/produkt\/totungshebel-klein\/","title":{"rendered":"T\u00f6tungshebel, klein"},"content":{"rendered":"<p>Hebel, um den Fall des Baumes zu st\u00fctzen. Erh\u00e4ltlich in zwei Ausf\u00fchrungen. Kleines Modell von ca. 1800 g, mit Kofferraumhaken, Spezialstahllegierung und 800 mm L\u00e4nge.<br \/>\n795711003142  <\/p>\n","protected":false},"excerpt":{"rendered":"<p>T\u00f6tungshebel, klein<\/p>\n","protected":false},"featured_media":482282,"template":"","meta":{"_seopress_robots_primary_cat":"","_seopress_titles_title":"","_seopress_titles_desc":"","_seopress_robots_index":""},"product_brand":[3554],"product_cat":[1700,169],"product_tag":[3266],"class_list":{"0":"post-463775","1":"product","2":"type-product","3":"status-publish","4":"has-post-thumbnail","6":"product_brand-stihl-de","7":"product_cat-forstwirtschaftliche-werkzeuge-und-zubehor","8":"product_cat-maschinen","9":"product_tag-import-stihl-de","10":"sws-gruppo-macchinari-de","11":"sws-gruppo-iva-iva81-de","13":"first","14":"onbackorder","15":"purchasable","16":"product-type-simple"},"_links":{"self":[{"href":"https:\/\/lucacastelli.com\/de\/wp-json\/wp\/v2\/product\/463775","targetHints":{"allow":["GET"]}}],"collection":[{"href":"https:\/\/lucacastelli.com\/de\/wp-json\/wp\/v2\/product"}],"about":[{"href":"https:\/\/lucacastelli.com\/de\/wp-json\/wp\/v2\/types\/product"}],"wp:featuredmedia":[{"embeddable":true,"href":"https:\/\/lucacastelli.com\/de\/wp-json\/wp\/v2\/media\/482282"}],"wp:attachment":[{"href":"https:\/\/lucacastelli.com\/de\/wp-json\/wp\/v2\/media?parent=463775"}],"wp:term":[{"taxonomy":"product_brand","embeddable":true,"href":"https:\/\/lucacastelli.com\/de\/wp-json\/wp\/v2\/product_brand?post=463775"},{"taxonomy":"product_cat","embeddable":true,"href":"https:\/\/lucacastelli.com\/de\/wp-json\/wp\/v2\/product_cat?post=463775"},{"taxonomy":"product_tag","embeddable":true,"href":"https:\/\/lucacastelli.com\/de\/wp-json\/wp\/v2\/product_tag?post=463775"}],"curies":[{"name":"wp","href":"https:\/\/api.w.org\/{rel}","templated":true}]}}