{"id":463772,"date":"2025-06-01T02:38:47","date_gmt":"2025-06-01T00:38:47","guid":{"rendered":"https:\/\/lucacastelli.com\/prodotto\/gedrehter-keil-aluminium-920g\/"},"modified":"2025-06-01T02:38:47","modified_gmt":"2025-06-01T00:38:47","slug":"gedrehter-keil-aluminium-920g","status":"publish","type":"product","link":"https:\/\/lucacastelli.com\/de\/produkt\/gedrehter-keil-aluminium-920g\/","title":{"rendered":"Gedrehter Keil, Aluminium, 920g"},"content":{"rendered":"<p>Maximale Schneidwirkung mit einem Winkel. Geschmiedetes Aluminium, sehr stabil und dennoch sehr leicht. F\u00fchrungsgrat und Halteklammern f\u00fcr optimales Fahren und maximalen Grip auch auf eisigem Holz. Runde Schlagfl\u00e4che f\u00fcr hervorragende Kraftverteilung.<br \/>\n795711953973   <\/p>\n","protected":false},"excerpt":{"rendered":"<p>Gedrehter Keil, Aluminium, 920g<\/p>\n","protected":false},"featured_media":425254,"template":"","meta":{"_seopress_robots_primary_cat":"","_seopress_titles_title":"","_seopress_titles_desc":"","_seopress_robots_index":""},"product_brand":[3366],"product_cat":[29,484],"product_tag":[3265],"class_list":{"0":"post-463772","1":"product","2":"type-product","3":"status-publish","4":"has-post-thumbnail","6":"product_brand-stihl","7":"product_cat-macchinari","8":"product_cat-utensili-e-accessori-forestali","9":"product_tag-import-stihl","10":"sws-gruppo-macchinari-de","11":"sws-conto-ricavi-merci-rivendita-macchinari-de","12":"sws-gruppo-iva-iva81-de","14":"first","15":"onbackorder","16":"purchasable","17":"product-type-simple"},"_links":{"self":[{"href":"https:\/\/lucacastelli.com\/de\/wp-json\/wp\/v2\/product\/463772","targetHints":{"allow":["GET"]}}],"collection":[{"href":"https:\/\/lucacastelli.com\/de\/wp-json\/wp\/v2\/product"}],"about":[{"href":"https:\/\/lucacastelli.com\/de\/wp-json\/wp\/v2\/types\/product"}],"wp:featuredmedia":[{"embeddable":true,"href":"https:\/\/lucacastelli.com\/de\/wp-json\/wp\/v2\/media\/425254"}],"wp:attachment":[{"href":"https:\/\/lucacastelli.com\/de\/wp-json\/wp\/v2\/media?parent=463772"}],"wp:term":[{"taxonomy":"product_brand","embeddable":true,"href":"https:\/\/lucacastelli.com\/de\/wp-json\/wp\/v2\/product_brand?post=463772"},{"taxonomy":"product_cat","embeddable":true,"href":"https:\/\/lucacastelli.com\/de\/wp-json\/wp\/v2\/product_cat?post=463772"},{"taxonomy":"product_tag","embeddable":true,"href":"https:\/\/lucacastelli.com\/de\/wp-json\/wp\/v2\/product_tag?post=463772"}],"curies":[{"name":"wp","href":"https:\/\/api.w.org\/{rel}","templated":true}]}}