{"id":463763,"date":"2025-06-01T02:38:28","date_gmt":"2025-06-01T00:38:28","guid":{"rendered":"https:\/\/lucacastelli.com\/prodotto\/box-zum-aufbewahren-von-ketten\/"},"modified":"2026-03-02T11:23:59","modified_gmt":"2026-03-02T10:23:59","slug":"box-zum-aufbewahren-von-ketten","status":"publish","type":"product","link":"https:\/\/lucacastelli.com\/de\/produkt\/box-zum-aufbewahren-von-ketten\/","title":{"rendered":"STIHL Box zur Aufbewahrung von Ketten"},"content":{"rendered":"<p>In der robusten Box aus Kunststoff sind die Ketten gut aufbewahrt. Die Box ist wasserdicht und verf\u00fcgt \u00fcber einen sicheren Doppelverschluss. Sie wird mit zwei Trennelementen geliefert, die eine Unterteilung des Innenraums erm\u00f6glichen. So finden eine gro\u00dfe Kette oder bis zu 3 kleine Ketten sowie weiteres Zubeh\u00f6r wie z. B. eine Z\u00fcndkerze Platz. Abmessungen: 18 x 12 x 4 cm.<br \/>\n795711399931    <\/p>\n","protected":false},"excerpt":{"rendered":"<p>Box zur Aufbewahrung von Ketten<\/p>\n","protected":false},"featured_media":425246,"template":"","meta":{"_seopress_robots_primary_cat":"","_seopress_titles_title":"","_seopress_titles_desc":"","_seopress_robots_index":""},"product_brand":[3366],"product_cat":[29,268,504],"product_tag":[3265],"class_list":{"0":"post-463763","1":"product","2":"type-product","3":"status-publish","4":"has-post-thumbnail","6":"product_brand-stihl","7":"product_cat-macchinari","8":"product_cat-motoseghe","9":"product_cat-catene-e-rotoli","10":"product_tag-import-stihl","11":"sws-gruppo-macchinari-de","12":"sws-conto-ricavi-merci-rivendita-macchinari-de","13":"sws-gruppo-iva-iva81-de","15":"first","16":"onbackorder","17":"purchasable","18":"product-type-simple"},"_links":{"self":[{"href":"https:\/\/lucacastelli.com\/de\/wp-json\/wp\/v2\/product\/463763","targetHints":{"allow":["GET"]}}],"collection":[{"href":"https:\/\/lucacastelli.com\/de\/wp-json\/wp\/v2\/product"}],"about":[{"href":"https:\/\/lucacastelli.com\/de\/wp-json\/wp\/v2\/types\/product"}],"wp:featuredmedia":[{"embeddable":true,"href":"https:\/\/lucacastelli.com\/de\/wp-json\/wp\/v2\/media\/425246"}],"wp:attachment":[{"href":"https:\/\/lucacastelli.com\/de\/wp-json\/wp\/v2\/media?parent=463763"}],"wp:term":[{"taxonomy":"product_brand","embeddable":true,"href":"https:\/\/lucacastelli.com\/de\/wp-json\/wp\/v2\/product_brand?post=463763"},{"taxonomy":"product_cat","embeddable":true,"href":"https:\/\/lucacastelli.com\/de\/wp-json\/wp\/v2\/product_cat?post=463763"},{"taxonomy":"product_tag","embeddable":true,"href":"https:\/\/lucacastelli.com\/de\/wp-json\/wp\/v2\/product_tag?post=463763"}],"curies":[{"name":"wp","href":"https:\/\/api.w.org\/{rel}","templated":true}]}}