{"id":463761,"date":"2025-06-01T02:38:30","date_gmt":"2025-06-01T00:38:30","guid":{"rendered":"https:\/\/lucacastelli.com\/prodotto\/batteriekasten-mit-einsatz\/"},"modified":"2025-06-01T02:38:30","modified_gmt":"2025-06-01T00:38:30","slug":"batteriekasten-mit-einsatz","status":"publish","type":"product","link":"https:\/\/lucacastelli.com\/de\/produkt\/batteriekasten-mit-einsatz\/","title":{"rendered":"Batteriekasten mit Einsatz"},"content":{"rendered":"<p>F\u00fcr den sicheren Transport mit begrenztem Platz f\u00fcr Akku und Ladeger\u00e4te. Kompatibel mit den Fahrzeugsystemen Sortimo L-BOXXen und Sortimo Globelyst. Mit Einsatz. Fasst vier oder zwei AP-Akkus mit einem AL 300- oder AL 500-Ladeger\u00e4t.<br \/>\n886661958290   <\/p>\n","protected":false},"excerpt":{"rendered":"<p>Batteriekasten mit Einsatz<\/p>\n","protected":false},"featured_media":425250,"template":"","meta":{"_seopress_robots_primary_cat":"","_seopress_titles_title":"","_seopress_titles_desc":"","_seopress_robots_index":""},"product_brand":[3554],"product_cat":[169,1449],"product_tag":[3266],"class_list":{"0":"post-463761","1":"product","2":"type-product","3":"status-publish","4":"has-post-thumbnail","6":"product_brand-stihl-de","7":"product_cat-maschinen","8":"product_cat-batteriesysteme-zubehor","9":"product_tag-import-stihl-de","10":"sws-gruppo-macchinari-de","11":"sws-conto-ricavi-merci-rivendita-macchinari-de","12":"sws-gruppo-iva-iva81-de","14":"first","15":"onbackorder","16":"purchasable","17":"product-type-simple"},"_links":{"self":[{"href":"https:\/\/lucacastelli.com\/de\/wp-json\/wp\/v2\/product\/463761","targetHints":{"allow":["GET"]}}],"collection":[{"href":"https:\/\/lucacastelli.com\/de\/wp-json\/wp\/v2\/product"}],"about":[{"href":"https:\/\/lucacastelli.com\/de\/wp-json\/wp\/v2\/types\/product"}],"wp:featuredmedia":[{"embeddable":true,"href":"https:\/\/lucacastelli.com\/de\/wp-json\/wp\/v2\/media\/425250"}],"wp:attachment":[{"href":"https:\/\/lucacastelli.com\/de\/wp-json\/wp\/v2\/media?parent=463761"}],"wp:term":[{"taxonomy":"product_brand","embeddable":true,"href":"https:\/\/lucacastelli.com\/de\/wp-json\/wp\/v2\/product_brand?post=463761"},{"taxonomy":"product_cat","embeddable":true,"href":"https:\/\/lucacastelli.com\/de\/wp-json\/wp\/v2\/product_cat?post=463761"},{"taxonomy":"product_tag","embeddable":true,"href":"https:\/\/lucacastelli.com\/de\/wp-json\/wp\/v2\/product_tag?post=463761"}],"curies":[{"name":"wp","href":"https:\/\/api.w.org\/{rel}","templated":true}]}}