{"id":463755,"date":"2025-06-01T04:06:24","date_gmt":"2025-06-01T02:06:24","guid":{"rendered":"https:\/\/lucacastelli.com\/prodotto\/cp-200-1-l\/"},"modified":"2025-06-28T03:56:48","modified_gmt":"2025-06-28T01:56:48","slug":"cp-200-1-l","status":"publish","type":"product","link":"https:\/\/lucacastelli.com\/de\/produkt\/cp-200-1-l\/","title":{"rendered":"STIHL CP 200, 1 l"},"content":{"rendered":"<p>F\u00fcr den professionellen Einsatz und f\u00fcr alle harten Oberfl\u00e4chen, mit<br \/>\nAusnahme von Textilien, entfernt es die unterschiedlichsten Schmutzablagerungen, wie \u00d6l und Fett, Ru\u00df, Staub und Insektenschmutz.<br \/>\n886661956081<\/p>\n","protected":false},"excerpt":{"rendered":"<p>CP 200, 1 l<\/p>\n","protected":false},"featured_media":440752,"template":"","meta":{"_seopress_robots_primary_cat":"","_seopress_titles_title":"","_seopress_titles_desc":"","_seopress_robots_index":""},"product_brand":[3366],"product_cat":[29,514,515,519],"product_tag":[3265],"class_list":{"0":"post-463755","1":"product","2":"type-product","3":"status-publish","4":"has-post-thumbnail","6":"product_brand-stihl","7":"product_cat-macchinari","8":"product_cat-altri-dispositivi","9":"product_cat-accessori-e-materiale-di-consumo-altri-dispositivi","10":"product_cat-idropulitrici","11":"product_tag-import-stihl","12":"sws-gruppo-macchinari-de","13":"sws-conto-ricavi-merci-rivendita-macchinari-de","14":"sws-gruppo-iva-iva81-de","16":"first","17":"onbackorder","18":"purchasable","19":"product-type-simple"},"_links":{"self":[{"href":"https:\/\/lucacastelli.com\/de\/wp-json\/wp\/v2\/product\/463755","targetHints":{"allow":["GET"]}}],"collection":[{"href":"https:\/\/lucacastelli.com\/de\/wp-json\/wp\/v2\/product"}],"about":[{"href":"https:\/\/lucacastelli.com\/de\/wp-json\/wp\/v2\/types\/product"}],"wp:featuredmedia":[{"embeddable":true,"href":"https:\/\/lucacastelli.com\/de\/wp-json\/wp\/v2\/media\/440752"}],"wp:attachment":[{"href":"https:\/\/lucacastelli.com\/de\/wp-json\/wp\/v2\/media?parent=463755"}],"wp:term":[{"taxonomy":"product_brand","embeddable":true,"href":"https:\/\/lucacastelli.com\/de\/wp-json\/wp\/v2\/product_brand?post=463755"},{"taxonomy":"product_cat","embeddable":true,"href":"https:\/\/lucacastelli.com\/de\/wp-json\/wp\/v2\/product_cat?post=463755"},{"taxonomy":"product_tag","embeddable":true,"href":"https:\/\/lucacastelli.com\/de\/wp-json\/wp\/v2\/product_tag?post=463755"}],"curies":[{"name":"wp","href":"https:\/\/api.w.org\/{rel}","templated":true}]}}