{"id":463748,"date":"2025-06-01T04:06:51","date_gmt":"2025-06-01T02:06:51","guid":{"rendered":"https:\/\/lucacastelli.com\/prodotto\/cc-100-1-l\/"},"modified":"2026-02-17T17:52:40","modified_gmt":"2026-02-17T16:52:40","slug":"cc-100-1-l","status":"publish","type":"product","link":"https:\/\/lucacastelli.com\/de\/produkt\/cc-100-1-l\/","title":{"rendered":"STIHL CC 100, 1 l"},"content":{"rendered":"<p>Zur Entfernung von typischem Stra\u00dfenschmutz wie Salz, Staub und Insekten von Fahrzeugen aller Art. Sch\u00e4umend, hochwertige Wachskomponenten, gl\u00e4nzender Glanz, langlebiger Perleffekt.<br \/>\n886661956029 <\/p>\n","protected":false},"excerpt":{"rendered":"<p>CC 100, 1 l<\/p>\n","protected":false},"featured_media":440757,"template":"","meta":{"_seopress_robots_primary_cat":"","_seopress_titles_title":"","_seopress_titles_desc":"","_seopress_robots_index":""},"product_brand":[3554],"product_cat":[1454,1512,169,1455],"product_tag":[3266],"class_list":{"0":"post-463748","1":"product","2":"type-product","3":"status-publish","4":"has-post-thumbnail","6":"product_brand-stihl-de","7":"product_cat-andere-gerate","8":"product_cat-hochdruckreiniger","9":"product_cat-maschinen","10":"product_cat-zubehor-und-verbrauchsmaterial-de","11":"product_tag-import-stihl-de","12":"sws-gruppo-macchinari-de","13":"sws-conto-ricavi-merci-rivendita-macchinari-de","14":"sws-gruppo-iva-iva81-de","16":"first","17":"onbackorder","18":"purchasable","19":"product-type-simple"},"_links":{"self":[{"href":"https:\/\/lucacastelli.com\/de\/wp-json\/wp\/v2\/product\/463748","targetHints":{"allow":["GET"]}}],"collection":[{"href":"https:\/\/lucacastelli.com\/de\/wp-json\/wp\/v2\/product"}],"about":[{"href":"https:\/\/lucacastelli.com\/de\/wp-json\/wp\/v2\/types\/product"}],"wp:featuredmedia":[{"embeddable":true,"href":"https:\/\/lucacastelli.com\/de\/wp-json\/wp\/v2\/media\/440757"}],"wp:attachment":[{"href":"https:\/\/lucacastelli.com\/de\/wp-json\/wp\/v2\/media?parent=463748"}],"wp:term":[{"taxonomy":"product_brand","embeddable":true,"href":"https:\/\/lucacastelli.com\/de\/wp-json\/wp\/v2\/product_brand?post=463748"},{"taxonomy":"product_cat","embeddable":true,"href":"https:\/\/lucacastelli.com\/de\/wp-json\/wp\/v2\/product_cat?post=463748"},{"taxonomy":"product_tag","embeddable":true,"href":"https:\/\/lucacastelli.com\/de\/wp-json\/wp\/v2\/product_tag?post=463748"}],"curies":[{"name":"wp","href":"https:\/\/api.w.org\/{rel}","templated":true}]}}