{"id":463747,"date":"2025-06-01T04:07:45","date_gmt":"2025-06-01T02:07:45","guid":{"rendered":"https:\/\/lucacastelli.com\/prodotto\/cs-100-5-l\/"},"modified":"2025-06-28T03:57:03","modified_gmt":"2025-06-28T01:57:03","slug":"cs-100-5-l","status":"publish","type":"product","link":"https:\/\/lucacastelli.com\/de\/produkt\/cs-100-5-l\/","title":{"rendered":"STIHL CS 100 5 l"},"content":{"rendered":"<p>F\u00fcr Fassaden und harte Untergr\u00fcnde aus Stein, Beton, Holz oder Fliesen. Es entfernt effektiv hartn\u00e4ckige Verschmutzungen wie Gr\u00fcnschichten, Abgase, Ru\u00df und Staub.<br \/>\n886661956043 <\/p>\n","protected":false},"excerpt":{"rendered":"<p>CS 100 5 l<\/p>\n","protected":false},"featured_media":440763,"template":"","meta":{"_seopress_robots_primary_cat":"","_seopress_titles_title":"","_seopress_titles_desc":"","_seopress_robots_index":""},"product_brand":[3554],"product_cat":[1454,1512,169,1455],"product_tag":[3266],"class_list":{"0":"post-463747","1":"product","2":"type-product","3":"status-publish","4":"has-post-thumbnail","6":"product_brand-stihl-de","7":"product_cat-andere-gerate","8":"product_cat-hochdruckreiniger","9":"product_cat-maschinen","10":"product_cat-zubehor-und-verbrauchsmaterial-de","11":"product_tag-import-stihl-de","12":"sws-gruppo-macchinari-de","13":"sws-conto-ricavi-merci-rivendita-macchinari-de","14":"sws-gruppo-iva-iva81-de","16":"first","17":"onbackorder","18":"purchasable","19":"product-type-simple"},"_links":{"self":[{"href":"https:\/\/lucacastelli.com\/de\/wp-json\/wp\/v2\/product\/463747","targetHints":{"allow":["GET"]}}],"collection":[{"href":"https:\/\/lucacastelli.com\/de\/wp-json\/wp\/v2\/product"}],"about":[{"href":"https:\/\/lucacastelli.com\/de\/wp-json\/wp\/v2\/types\/product"}],"wp:featuredmedia":[{"embeddable":true,"href":"https:\/\/lucacastelli.com\/de\/wp-json\/wp\/v2\/media\/440763"}],"wp:attachment":[{"href":"https:\/\/lucacastelli.com\/de\/wp-json\/wp\/v2\/media?parent=463747"}],"wp:term":[{"taxonomy":"product_brand","embeddable":true,"href":"https:\/\/lucacastelli.com\/de\/wp-json\/wp\/v2\/product_brand?post=463747"},{"taxonomy":"product_cat","embeddable":true,"href":"https:\/\/lucacastelli.com\/de\/wp-json\/wp\/v2\/product_cat?post=463747"},{"taxonomy":"product_tag","embeddable":true,"href":"https:\/\/lucacastelli.com\/de\/wp-json\/wp\/v2\/product_tag?post=463747"}],"curies":[{"name":"wp","href":"https:\/\/api.w.org\/{rel}","templated":true}]}}