{"id":463742,"date":"2025-06-01T04:07:27","date_gmt":"2025-06-01T02:07:27","guid":{"rendered":"https:\/\/lucacastelli.com\/prodotto\/cr-100-500-ml\/"},"modified":"2025-06-28T03:56:57","modified_gmt":"2025-06-28T01:56:57","slug":"cr-100-500-ml","status":"publish","type":"product","link":"https:\/\/lucacastelli.com\/de\/produkt\/cr-100-500-ml\/","title":{"rendered":"STIHL CR 100, 500 ml"},"content":{"rendered":"<p>Entfernen Sie m\u00fchelos hartn\u00e4ckige Verschmutzungen. F\u00fcr Leichtmetall- und Stahlfelgen.<br \/>\n886661957002 <\/p>\n","protected":false},"excerpt":{"rendered":"<p>CR 100, 500 ml<\/p>\n","protected":false},"featured_media":453699,"template":"","meta":{"_seopress_robots_primary_cat":"","_seopress_titles_title":"","_seopress_titles_desc":"","_seopress_robots_index":""},"product_brand":[3554],"product_cat":[169,1454,1512],"product_tag":[3266],"class_list":{"0":"post-463742","1":"product","2":"type-product","3":"status-publish","4":"has-post-thumbnail","6":"product_brand-stihl-de","7":"product_cat-maschinen","8":"product_cat-andere-gerate","9":"product_cat-hochdruckreiniger","10":"product_tag-import-stihl-de","11":"sws-gruppo-macchinari-de","12":"sws-conto-ricavi-merci-rivendita-macchinari-de","13":"sws-gruppo-iva-iva81-de","15":"first","16":"onbackorder","17":"purchasable","18":"product-type-simple"},"_links":{"self":[{"href":"https:\/\/lucacastelli.com\/de\/wp-json\/wp\/v2\/product\/463742","targetHints":{"allow":["GET"]}}],"collection":[{"href":"https:\/\/lucacastelli.com\/de\/wp-json\/wp\/v2\/product"}],"about":[{"href":"https:\/\/lucacastelli.com\/de\/wp-json\/wp\/v2\/types\/product"}],"wp:featuredmedia":[{"embeddable":true,"href":"https:\/\/lucacastelli.com\/de\/wp-json\/wp\/v2\/media\/453699"}],"wp:attachment":[{"href":"https:\/\/lucacastelli.com\/de\/wp-json\/wp\/v2\/media?parent=463742"}],"wp:term":[{"taxonomy":"product_brand","embeddable":true,"href":"https:\/\/lucacastelli.com\/de\/wp-json\/wp\/v2\/product_brand?post=463742"},{"taxonomy":"product_cat","embeddable":true,"href":"https:\/\/lucacastelli.com\/de\/wp-json\/wp\/v2\/product_cat?post=463742"},{"taxonomy":"product_tag","embeddable":true,"href":"https:\/\/lucacastelli.com\/de\/wp-json\/wp\/v2\/product_tag?post=463742"}],"curies":[{"name":"wp","href":"https:\/\/api.w.org\/{rel}","templated":true}]}}