{"id":463738,"date":"2025-06-01T04:11:59","date_gmt":"2025-06-01T02:11:59","guid":{"rendered":"https:\/\/lucacastelli.com\/prodotto\/ms-261-c-m-vw-40cm-schnittlaenge-rs-pro\/"},"modified":"2026-03-02T09:35:33","modified_gmt":"2026-03-02T08:35:33","slug":"ms-261-c-m-vw-40cm-schnittlaenge-rs-pro","status":"publish","type":"product","link":"https:\/\/lucacastelli.com\/de\/produkt\/ms-261-c-m-vw-40cm-schnittlaenge-rs-pro\/","title":{"rendered":"STIHL MS 261 C-M VW, Schnittl\u00e4nge 40 cm, RS Pro"},"content":{"rendered":"<p>Leichte, handliche und leistungsstarke Profi-Motors\u00e4ge. Die Kraftstoffdosierung wird elektronisch geregelt und passt sich automatisch den Umgebungsbedingungen an. Ausgestattet mit HD2-Filter, mengenregulierbarer \u00d6lpumpe und Details wie Edelstahl-Schalld\u00e4mpfer, verliersicheren Muttern am Kettenraddeckel und einteiliger Haube mit drei Schnellverschl\u00fcssen. Bis zu 20 % weniger Kraftstoffverbrauch und bis zu 50 % weniger Abgase im Vergleich zu leistungsgleichen STIHL Zweitaktmotoren ohne 2-MIX-Technologie.<br \/>\n886661416615<\/p>\n<p>Hubraum 50,2<br \/>\nLeistung Leistung<\/p>\n<p>Leistung Leistung<br \/>\nLeistung 4,00<br \/>\nCO2 705<\/p>\n","protected":false},"excerpt":{"rendered":"<p>MS 261 C-M VW, Schnittl\u00e4nge 40 cm, RS Pro<\/p>\n","protected":false},"featured_media":440878,"template":"","meta":{"_seopress_robots_primary_cat":"","_seopress_titles_title":"","_seopress_titles_desc":"","_seopress_robots_index":""},"product_brand":[3554],"product_cat":[169,1616],"product_tag":[3266],"class_list":{"0":"post-463738","1":"product","2":"type-product","3":"status-publish","4":"has-post-thumbnail","6":"product_brand-stihl-de","7":"product_cat-maschinen","8":"product_cat-motor-kettensagen","9":"product_tag-import-stihl-de","10":"sws-gruppo-macchinari-de","11":"sws-conto-ricavi-merci-rivendita-macchinari-de","12":"sws-gruppo-iva-iva81-de","14":"first","15":"onbackorder","16":"purchasable","17":"product-type-simple"},"_links":{"self":[{"href":"https:\/\/lucacastelli.com\/de\/wp-json\/wp\/v2\/product\/463738","targetHints":{"allow":["GET"]}}],"collection":[{"href":"https:\/\/lucacastelli.com\/de\/wp-json\/wp\/v2\/product"}],"about":[{"href":"https:\/\/lucacastelli.com\/de\/wp-json\/wp\/v2\/types\/product"}],"wp:featuredmedia":[{"embeddable":true,"href":"https:\/\/lucacastelli.com\/de\/wp-json\/wp\/v2\/media\/440878"}],"wp:attachment":[{"href":"https:\/\/lucacastelli.com\/de\/wp-json\/wp\/v2\/media?parent=463738"}],"wp:term":[{"taxonomy":"product_brand","embeddable":true,"href":"https:\/\/lucacastelli.com\/de\/wp-json\/wp\/v2\/product_brand?post=463738"},{"taxonomy":"product_cat","embeddable":true,"href":"https:\/\/lucacastelli.com\/de\/wp-json\/wp\/v2\/product_cat?post=463738"},{"taxonomy":"product_tag","embeddable":true,"href":"https:\/\/lucacastelli.com\/de\/wp-json\/wp\/v2\/product_tag?post=463738"}],"curies":[{"name":"wp","href":"https:\/\/api.w.org\/{rel}","templated":true}]}}