{"id":463723,"date":"2025-06-01T04:13:40","date_gmt":"2025-06-01T02:13:40","guid":{"rendered":"https:\/\/lucacastelli.com\/prodotto\/ms-462-c-m-r-schnittlaenge-50cm-rdr\/"},"modified":"2025-06-01T04:13:40","modified_gmt":"2025-06-01T02:13:40","slug":"ms-462-c-m-r-schnittlaenge-50cm-rdr","status":"publish","type":"product","link":"https:\/\/lucacastelli.com\/de\/produkt\/ms-462-c-m-r-schnittlaenge-50cm-rdr\/","title":{"rendered":"MS 462 C-M R, Schnittl\u00e4nge 50cm, RDR"},"content":{"rendered":"<p>Spezielle Kettens\u00e4ge mit M-Tronic f\u00fcr den Notfall- und Brandbek\u00e4mpfungseinsatz, mit 2-MIX-Motor und bis zu 20 % reduziertem Verbrauch. Extrem leistungsstarker Motor und spezielle Rapid Duro Panzerkette mit Hartmetallplatten. Der Schnitttiefenbegrenzer mit Griff ist auch mit Handschuhen schnell und einfach zu bedienen.<br \/>\n886661363520  <\/p>\n<p>Hubraum 72,2<br \/>\nLeistung Leistung<\/p>\n<p>Leistung Leistung<br \/>\nLeistung 5.90<br \/>\nCO2 704<\/p>\n","protected":false},"excerpt":{"rendered":"<p>MS 462 C-M R, Schnittl\u00e4nge 50cm, RDR<\/p>\n","protected":false},"featured_media":429072,"template":"","meta":{"_seopress_robots_primary_cat":"","_seopress_titles_title":"","_seopress_titles_desc":"","_seopress_robots_index":""},"product_brand":[3554],"product_cat":[1612,169,1616],"product_tag":[3266],"class_list":{"0":"post-463723","1":"product","2":"type-product","3":"status-publish","4":"has-post-thumbnail","6":"product_brand-stihl-de","7":"product_cat-kettensagen","8":"product_cat-maschinen","9":"product_cat-motor-kettensagen","10":"product_tag-import-stihl-de","11":"sws-gruppo-macchinari-de","12":"sws-conto-ricavi-merci-rivendita-macchinari-de","13":"sws-gruppo-iva-iva81-de","15":"first","16":"onbackorder","17":"purchasable","18":"product-type-simple"},"_links":{"self":[{"href":"https:\/\/lucacastelli.com\/de\/wp-json\/wp\/v2\/product\/463723","targetHints":{"allow":["GET"]}}],"collection":[{"href":"https:\/\/lucacastelli.com\/de\/wp-json\/wp\/v2\/product"}],"about":[{"href":"https:\/\/lucacastelli.com\/de\/wp-json\/wp\/v2\/types\/product"}],"wp:featuredmedia":[{"embeddable":true,"href":"https:\/\/lucacastelli.com\/de\/wp-json\/wp\/v2\/media\/429072"}],"wp:attachment":[{"href":"https:\/\/lucacastelli.com\/de\/wp-json\/wp\/v2\/media?parent=463723"}],"wp:term":[{"taxonomy":"product_brand","embeddable":true,"href":"https:\/\/lucacastelli.com\/de\/wp-json\/wp\/v2\/product_brand?post=463723"},{"taxonomy":"product_cat","embeddable":true,"href":"https:\/\/lucacastelli.com\/de\/wp-json\/wp\/v2\/product_cat?post=463723"},{"taxonomy":"product_tag","embeddable":true,"href":"https:\/\/lucacastelli.com\/de\/wp-json\/wp\/v2\/product_tag?post=463723"}],"curies":[{"name":"wp","href":"https:\/\/api.w.org\/{rel}","templated":true}]}}