{"id":463718,"date":"2025-06-01T04:13:28","date_gmt":"2025-06-01T02:13:28","guid":{"rendered":"https:\/\/lucacastelli.com\/prodotto\/ms-462-c-m-vw-schnittlaenge-45cm-rs\/"},"modified":"2025-10-06T10:26:56","modified_gmt":"2025-10-06T08:26:56","slug":"ms-462-c-m-vw-schnittlaenge-45cm-rs","status":"publish","type":"product","link":"https:\/\/lucacastelli.com\/de\/produkt\/ms-462-c-m-vw-schnittlaenge-45cm-rs\/","title":{"rendered":"STIHL MS 462 C-M VW, Schnittl\u00e4nge 45cm, RS"},"content":{"rendered":"<p>Mit der STIHL MS 462 C-M VW geht die Forstarbeit auch im Winter schnell weiter. Die gewichtsoptimierte Kettens\u00e4ge f\u00fcr die Forstwirtschaft wiegt nur 6,1 kg. Es ist au\u00dfergew\u00f6hnlich leicht und h\u00e4lt dank ALNBSP eisigen Temperaturen stand; Starke Erw\u00e4rmung des Griffs und des Vergasers\/stark. Die elektrische Heizung des Profi-Kettens\u00e4genstiels sorgt daf\u00fcr, dass Sie ihn auch bei K\u00e4lte fest halten k\u00f6nnen. Die elektrische Vergaserheizung mit temperaturabh\u00e4ngiger Ein-\/Aus-Regelung verhindert das Einfrieren des Vergasers im Wintereinsatz.\/ppDie STIHL MS 462 C-M f\u00fcr den Forsteinsatz \u00fcberzeugt durch ihre leistungsstarke Leistung; STIHL 2-MIX\/strongnbsp; und das niedrige Leistungsgewicht. Die vollst\u00e4ndige elektronische Verwaltung von thenbsp; STIHL M-Tronic\/strongnbsp; unterst\u00fctzt ein leichtes Starten und eine optimale Motorleistung.\/ppDer STIHL MS 462 C-M VW verf\u00fcgt dar\u00fcber hinaus \u00fcber weitere durchdachte Features:\/pulliWerkzeuglose Tankdeckel erm\u00f6glichen ein schnelles und einfaches Bef\u00fcllen mit \u00d6l.\/liliDer Kettenwechsel ist dank der auslaufsicheren Muttern an der Ritzelabdeckung schnell und einfach.\/liliBei staubigen Arbeiten kann die starke Kupplung HD2\/strong Luftfilter mit Radialdichtung sch\u00fctzt den Motor vor Feinstaub und l\u00e4sst sich leicht reinigen, wie z.B. connbsp; starkSTIHL VarioClean\/stark. Die Kombination aus dem HD2-Luftfilter mit der Vorabscheidung, die auch bei der MS 462 serienm\u00e4\u00dfig ist, sorgt f\u00fcr ein langlebiges Luftfiltersystem.<br \/>\n886661363513<\/p>\n<p>Hubraum 72,2<br \/>\nLeistung Leistung<\/p>\n<p>Leistung Leistung<br \/>\nLeistung 5.90<br \/>\nCO2 704<\/p>\n","protected":false},"excerpt":{"rendered":"<p>MS 462 C-M VW, Schnittl\u00e4nge 45cm, RS<\/p>\n","protected":false},"featured_media":440943,"template":"","meta":{"_seopress_robots_primary_cat":"","_seopress_titles_title":"","_seopress_titles_desc":"","_seopress_robots_index":""},"product_brand":[3366],"product_cat":[29,494],"product_tag":[3265],"class_list":{"0":"post-463718","1":"product","2":"type-product","3":"status-publish","4":"has-post-thumbnail","6":"product_brand-stihl","7":"product_cat-macchinari","8":"product_cat-motoseghe-a-motore","9":"product_tag-import-stihl","10":"sws-gruppo-macchinari-de","11":"sws-conto-ricavi-merci-rivendita-macchinari-de","12":"sws-gruppo-iva-iva81-de","14":"first","15":"onbackorder","16":"purchasable","17":"product-type-simple"},"_links":{"self":[{"href":"https:\/\/lucacastelli.com\/de\/wp-json\/wp\/v2\/product\/463718","targetHints":{"allow":["GET"]}}],"collection":[{"href":"https:\/\/lucacastelli.com\/de\/wp-json\/wp\/v2\/product"}],"about":[{"href":"https:\/\/lucacastelli.com\/de\/wp-json\/wp\/v2\/types\/product"}],"wp:featuredmedia":[{"embeddable":true,"href":"https:\/\/lucacastelli.com\/de\/wp-json\/wp\/v2\/media\/440943"}],"wp:attachment":[{"href":"https:\/\/lucacastelli.com\/de\/wp-json\/wp\/v2\/media?parent=463718"}],"wp:term":[{"taxonomy":"product_brand","embeddable":true,"href":"https:\/\/lucacastelli.com\/de\/wp-json\/wp\/v2\/product_brand?post=463718"},{"taxonomy":"product_cat","embeddable":true,"href":"https:\/\/lucacastelli.com\/de\/wp-json\/wp\/v2\/product_cat?post=463718"},{"taxonomy":"product_tag","embeddable":true,"href":"https:\/\/lucacastelli.com\/de\/wp-json\/wp\/v2\/product_tag?post=463718"}],"curies":[{"name":"wp","href":"https:\/\/api.w.org\/{rel}","templated":true}]}}