{"id":463715,"date":"2025-06-01T04:12:53","date_gmt":"2025-06-01T02:12:53","guid":{"rendered":"https:\/\/lucacastelli.com\/prodotto\/ms-261-c-bm-45cm-schnittlaenge-rs-pro\/"},"modified":"2025-06-28T03:58:50","modified_gmt":"2025-06-28T01:58:50","slug":"ms-261-c-bm-45cm-schnittlaenge-rs-pro","status":"publish","type":"product","link":"https:\/\/lucacastelli.com\/de\/produkt\/ms-261-c-bm-45cm-schnittlaenge-rs-pro\/","title":{"rendered":"STIHL MS 261 C-BM, 45cm Schnittl\u00e4nge, RS PRO"},"content":{"rendered":"<p>Leichte, handliche und leistungsstarke professionelle Kettens\u00e4ge. Die Kraftstoffdosierung wird elektronisch angepasst und passt sich automatisch den Witterungsbedingungen an. Ausgestattet mit einem HD2-Filter, einer \u00d6lpumpe mit einstellbarem Durchfluss und speziellen Ausstattungsdetails wie dem Schalld\u00e4mpfer aus Edelstahl, Anti-Verlust-Muttern an der Spulenabdeckung und einer einteiligen Abdeckung mit drei Schnellverschl\u00fcssen. Bis zu 20 Prozent weniger Kraftstoffverbrauch und bis zu 50 Prozent weniger Schadstoffemissionen als STIHL Zweitaktmotoren bei gleicher Leistung, aber ohne 2-MIX-Technologie.<br \/>\n886661451227<\/p>\n<p>Hubraum 50,2<br \/>\nLeistung Leistung<\/p>\n<p>Leistung Leistung<br \/>\nLeistung 4,00<br \/>\nCO2 705<\/p>\n","protected":false},"excerpt":{"rendered":"<p>MS 261 C-BM, 45cm Schnittl\u00e4nge, RS PRO<\/p>\n","protected":false},"featured_media":440921,"template":"","meta":{"_seopress_robots_primary_cat":"","_seopress_titles_title":"","_seopress_titles_desc":"","_seopress_robots_index":""},"product_brand":[3554],"product_cat":[169,1616],"product_tag":[3266],"class_list":{"0":"post-463715","1":"product","2":"type-product","3":"status-publish","4":"has-post-thumbnail","6":"product_brand-stihl-de","7":"product_cat-maschinen","8":"product_cat-motor-kettensagen","9":"product_tag-import-stihl-de","10":"sws-gruppo-macchinari-de","11":"sws-conto-ricavi-merci-rivendita-macchinari-de","12":"sws-gruppo-iva-iva81-de","14":"first","15":"onbackorder","16":"purchasable","17":"product-type-simple"},"_links":{"self":[{"href":"https:\/\/lucacastelli.com\/de\/wp-json\/wp\/v2\/product\/463715","targetHints":{"allow":["GET"]}}],"collection":[{"href":"https:\/\/lucacastelli.com\/de\/wp-json\/wp\/v2\/product"}],"about":[{"href":"https:\/\/lucacastelli.com\/de\/wp-json\/wp\/v2\/types\/product"}],"wp:featuredmedia":[{"embeddable":true,"href":"https:\/\/lucacastelli.com\/de\/wp-json\/wp\/v2\/media\/440921"}],"wp:attachment":[{"href":"https:\/\/lucacastelli.com\/de\/wp-json\/wp\/v2\/media?parent=463715"}],"wp:term":[{"taxonomy":"product_brand","embeddable":true,"href":"https:\/\/lucacastelli.com\/de\/wp-json\/wp\/v2\/product_brand?post=463715"},{"taxonomy":"product_cat","embeddable":true,"href":"https:\/\/lucacastelli.com\/de\/wp-json\/wp\/v2\/product_cat?post=463715"},{"taxonomy":"product_tag","embeddable":true,"href":"https:\/\/lucacastelli.com\/de\/wp-json\/wp\/v2\/product_tag?post=463715"}],"curies":[{"name":"wp","href":"https:\/\/api.w.org\/{rel}","templated":true}]}}