{"id":463710,"date":"2025-06-01T04:12:36","date_gmt":"2025-06-01T02:12:36","guid":{"rendered":"https:\/\/lucacastelli.com\/prodotto\/ms-261-c-m-vw-45cm-schnittlaenge-rs-pro\/"},"modified":"2026-03-02T09:34:16","modified_gmt":"2026-03-02T08:34:16","slug":"ms-261-c-m-vw-45cm-schnittlaenge-rs-pro","status":"publish","type":"product","link":"https:\/\/lucacastelli.com\/de\/produkt\/ms-261-c-m-vw-45cm-schnittlaenge-rs-pro\/","title":{"rendered":"STIHL MS 261 C-M VW, Schnittl\u00e4nge 45 cm, RS Pro"},"content":{"rendered":"<p>Leichte, handliche und leistungsstarke Profi-Motors\u00e4ge. Die Kraftstoffdosierung wird elektronisch geregelt und passt sich automatisch an die Witterungsbedingungen an. Ausgestattet mit HD2-Filter, \u00d6lpumpe mit regulierbarer F\u00f6rderleistung und besonderen Ausstattungsdetails wie dem Schalld\u00e4mpfer aus Edelstahl, verliersicheren Muttern am Kettenraddeckel und einteiligem Deckel mit drei Schnellverschl\u00fcssen. Bis zu 20 % weniger Kraftstoffverbrauch und bis zu 50 % weniger Schadstoffemissionen im Vergleich zu gleich starken STIHL Zweitaktmotoren ohne 2-MIX-Technologie.<br \/>\n886661451210   <\/p>\n<p>Hubraum 50,2<br \/>\nLeistung Leistung<\/p>\n<p>Leistung Leistung<br \/>\nLeistung 4,00<br \/>\nCO2 705<\/p>\n","protected":false},"excerpt":{"rendered":"<p>MS 261 C-M VW, Schnittl\u00e4nge 45 cm, RS Pro<\/p>\n","protected":false},"featured_media":440912,"template":"","meta":{"_seopress_robots_primary_cat":"","_seopress_titles_title":"","_seopress_titles_desc":"","_seopress_robots_index":""},"product_brand":[3554],"product_cat":[169,1616],"product_tag":[3266],"class_list":{"0":"post-463710","1":"product","2":"type-product","3":"status-publish","4":"has-post-thumbnail","6":"product_brand-stihl-de","7":"product_cat-maschinen","8":"product_cat-motor-kettensagen","9":"product_tag-import-stihl-de","10":"sws-gruppo-macchinari-de","11":"sws-conto-ricavi-merci-rivendita-macchinari-de","12":"sws-gruppo-iva-iva81-de","14":"first","15":"onbackorder","16":"purchasable","17":"product-type-simple"},"_links":{"self":[{"href":"https:\/\/lucacastelli.com\/de\/wp-json\/wp\/v2\/product\/463710","targetHints":{"allow":["GET"]}}],"collection":[{"href":"https:\/\/lucacastelli.com\/de\/wp-json\/wp\/v2\/product"}],"about":[{"href":"https:\/\/lucacastelli.com\/de\/wp-json\/wp\/v2\/types\/product"}],"wp:featuredmedia":[{"embeddable":true,"href":"https:\/\/lucacastelli.com\/de\/wp-json\/wp\/v2\/media\/440912"}],"wp:attachment":[{"href":"https:\/\/lucacastelli.com\/de\/wp-json\/wp\/v2\/media?parent=463710"}],"wp:term":[{"taxonomy":"product_brand","embeddable":true,"href":"https:\/\/lucacastelli.com\/de\/wp-json\/wp\/v2\/product_brand?post=463710"},{"taxonomy":"product_cat","embeddable":true,"href":"https:\/\/lucacastelli.com\/de\/wp-json\/wp\/v2\/product_cat?post=463710"},{"taxonomy":"product_tag","embeddable":true,"href":"https:\/\/lucacastelli.com\/de\/wp-json\/wp\/v2\/product_tag?post=463710"}],"curies":[{"name":"wp","href":"https:\/\/api.w.org\/{rel}","templated":true}]}}