{"id":463705,"date":"2025-06-01T06:41:09","date_gmt":"2025-06-01T04:41:09","guid":{"rendered":"https:\/\/lucacastelli.com\/prodotto\/gehrungssaege-2\/"},"modified":"2025-08-14T12:51:24","modified_gmt":"2025-08-14T10:51:24","slug":"gehrungssaege-2","status":"publish","type":"product","link":"https:\/\/lucacastelli.com\/de\/produkt\/gehrungssaege-2\/","title":{"rendered":"Milwaukee Trennschleifer"},"content":{"rendered":"<p>Der weltweit erste 18-Volt-Akku-Trennschleifer mit einer 230-mm-Klinge, der die Kraft zum Trennen von Beton mit der Flexibilit\u00e4t der kabellosen M18-Plattform verbindet und dabei 50 % leichter ist als vergleichbare benzinbetriebene Werkzeuge&lt;br&gt;  Springt sofort an, macht das Mischen von Kraftstoffen \u00fcberfl\u00fcssig und erfordert keine Motorwartung&lt;br&gt;  Keine Emissionen, ideal f\u00fcr die Arbeit in geschlossenen R\u00e4umen&lt;br&gt;  RAPIDSTOP\u2122-Blattbremssystem, \u00dcberlastanzeige, niedrigste Vibrationskategorie 1,81 m\/s\u00b2&lt;br&gt;  Schnitttiefe 85 mm f\u00fcr klassenbeste Leistung&lt;br&gt;  Geeignet f\u00fcr Nassschnitt dank beidseitiger Wasserversorgung&lt;br&gt;  HIGH OUTPUT\u2122 System, erh\u00f6ht die Leistung und Reichweite der M18 FUEL Technologie&lt;br&gt;  Das ONE-KEY\u2122 Tracking &amp; Security System bietet eine kostenlose Cloud-basierte Bestandsverfolgung und -verwaltung, einschlie\u00dflich Fernverriegelungsfunktion&lt;br&gt;  Kompatibel mit der M18 SWITCH TANK\u2122 Spr\u00fchpumpe&lt;br&gt;  Funktioniert mit allen Milwaukee M18 Akkus<\/p>\n<p>BARCODE: 4058546295950<\/p>\n<p>Technische Daten<br \/>\n230<\/p>\n<p>Lieferung ohne Batterien, Lieferung ohne Ladeger\u00e4t, Lieferung ohne Kitbox oder Tasche, DUH 230 mm Diamantblatt (4932399542)<\/p>\n","protected":false},"excerpt":{"rendered":"<p>Der weltweit erste 18-Volt-Akku-Trennschleifer mit einer 230-mm-Klinge, der die Kraft zum Trennen von Beton mit der Flexibilit\u00e4t der kabellosen M18-Plattform<\/p>\n","protected":false},"featured_media":434908,"template":"","meta":{"_seopress_robots_primary_cat":"","_seopress_titles_title":"","_seopress_titles_desc":"","_seopress_robots_index":""},"product_brand":[3656],"product_cat":[1699,1696,169],"product_tag":[3272],"class_list":{"0":"post-463705","1":"product","2":"type-product","3":"status-publish","4":"has-post-thumbnail","6":"product_brand-milwaukee-de","7":"product_cat-mahmaschinen-de","8":"product_cat-mahmaschinen-und-trimmer","9":"product_cat-maschinen","10":"product_tag-import-milwau-de","11":"sws-gruppo-macchinari-de","12":"sws-conto-ricavi-merci-rivendita-macchinari-de","13":"sws-gruppo-iva-iva81-de","15":"first","16":"instock","17":"sale","18":"purchasable","19":"product-type-simple"},"_links":{"self":[{"href":"https:\/\/lucacastelli.com\/de\/wp-json\/wp\/v2\/product\/463705","targetHints":{"allow":["GET"]}}],"collection":[{"href":"https:\/\/lucacastelli.com\/de\/wp-json\/wp\/v2\/product"}],"about":[{"href":"https:\/\/lucacastelli.com\/de\/wp-json\/wp\/v2\/types\/product"}],"wp:featuredmedia":[{"embeddable":true,"href":"https:\/\/lucacastelli.com\/de\/wp-json\/wp\/v2\/media\/434908"}],"wp:attachment":[{"href":"https:\/\/lucacastelli.com\/de\/wp-json\/wp\/v2\/media?parent=463705"}],"wp:term":[{"taxonomy":"product_brand","embeddable":true,"href":"https:\/\/lucacastelli.com\/de\/wp-json\/wp\/v2\/product_brand?post=463705"},{"taxonomy":"product_cat","embeddable":true,"href":"https:\/\/lucacastelli.com\/de\/wp-json\/wp\/v2\/product_cat?post=463705"},{"taxonomy":"product_tag","embeddable":true,"href":"https:\/\/lucacastelli.com\/de\/wp-json\/wp\/v2\/product_tag?post=463705"}],"curies":[{"name":"wp","href":"https:\/\/api.w.org\/{rel}","templated":true}]}}