{"id":463704,"date":"2025-06-01T06:40:36","date_gmt":"2025-06-01T04:40:36","guid":{"rendered":"https:\/\/lucacastelli.com\/prodotto\/absaugung-5\/"},"modified":"2025-06-29T08:03:56","modified_gmt":"2025-06-29T06:03:56","slug":"absaugung-5","status":"publish","type":"product","link":"https:\/\/lucacastelli.com\/de\/produkt\/absaugung-5\/","title":{"rendered":"MILWAUKEE Absauganlagen"},"content":{"rendered":"<p>Konzipiert f\u00fcr die Staubabsaugung beim Bohren, Leistungsschalter&lt;Br&gt;  AUTOPULSE-System\u2122 zur automatischen Filterreinigung, sorgt f\u00fcr eine l\u00e4ngere Lebensdauer des Filters&lt;Br&gt;  HEPA-Filter mit 99,97 % Staubabscheidegrad (Partikel kleiner als 0,3 Mikrometer)&lt;Br&gt;  Ausgestattet mit einem transparenten Tank f\u00fcr maximale Sichtbarkeit&lt;Br&gt;  Tankgeh\u00e4use, das an gro\u00dfe Saugsysteme angeschlossen werden kann. Optimiert f\u00fcr den Einsatz mit dem Staubsauger AS 30 LAC 30 (\u00fcber Adapter DEK26 &#8211; 4931447295) &lt;Br&gt;  Teleskopstange f\u00fcr den Einsatz mit SDS-Plus Bohrern bis 210 mm&lt;Br&gt;  Einstellbarer Tiefenmesser f\u00fcr pr\u00e4zise Anwendungen&lt;Br&gt;  Der Tiefenmesser kann von beiden Seiten des Ger\u00e4ts angebracht und abnehmbar sein&lt;Br&gt;  LED-Licht zur Ausleuchtung des Anwendungsbereichs&lt;Br&gt;  Kompatibel mit M18 FHACOD32 Bohrhammer&lt;Br&gt;  Funktioniert mit allen MILWAUKEE\u00ae M18\u2122Akkus<\/p>\n<p>STRICHCODE: 4058546415099<\/p>\n<p>Technische Daten aucun sac ni box fourni<\/p>\n<p>Lieferung ohne Batterien, Lieferung ohne Ladeger\u00e4t, Lieferung ohne Kitbox oder Tasche<\/p>\n","protected":false},"excerpt":{"rendered":"<p>Konzipiert f\u00fcr die Staubabsaugung beim Bohren, Leistungsschalter&lt;Br&gt; AUTOPULSE-System\u2122 zur automatischen Filterreinigung, sorgt f\u00fcr eine l\u00e4ngere Lebensdauer des Filters&lt;Br&gt; HEPA-Filter mit<\/p>\n","protected":false},"featured_media":433979,"template":"","meta":{"_seopress_robots_primary_cat":"","_seopress_titles_title":"","_seopress_titles_desc":"","_seopress_robots_index":""},"product_brand":[3407],"product_cat":[29,514],"product_tag":[3270],"class_list":{"0":"post-463704","1":"product","2":"type-product","3":"status-publish","4":"has-post-thumbnail","6":"product_brand-milwaukee","7":"product_cat-macchinari","8":"product_cat-altri-dispositivi","9":"product_tag-import-milwau","10":"sws-gruppo-macchinari-de","11":"sws-conto-ricavi-merci-rivendita-macchinari-de","12":"sws-gruppo-iva-iva81-de","14":"first","15":"instock","16":"sale","17":"purchasable","18":"product-type-simple"},"_links":{"self":[{"href":"https:\/\/lucacastelli.com\/de\/wp-json\/wp\/v2\/product\/463704","targetHints":{"allow":["GET"]}}],"collection":[{"href":"https:\/\/lucacastelli.com\/de\/wp-json\/wp\/v2\/product"}],"about":[{"href":"https:\/\/lucacastelli.com\/de\/wp-json\/wp\/v2\/types\/product"}],"wp:featuredmedia":[{"embeddable":true,"href":"https:\/\/lucacastelli.com\/de\/wp-json\/wp\/v2\/media\/433979"}],"wp:attachment":[{"href":"https:\/\/lucacastelli.com\/de\/wp-json\/wp\/v2\/media?parent=463704"}],"wp:term":[{"taxonomy":"product_brand","embeddable":true,"href":"https:\/\/lucacastelli.com\/de\/wp-json\/wp\/v2\/product_brand?post=463704"},{"taxonomy":"product_cat","embeddable":true,"href":"https:\/\/lucacastelli.com\/de\/wp-json\/wp\/v2\/product_cat?post=463704"},{"taxonomy":"product_tag","embeddable":true,"href":"https:\/\/lucacastelli.com\/de\/wp-json\/wp\/v2\/product_tag?post=463704"}],"curies":[{"name":"wp","href":"https:\/\/api.w.org\/{rel}","templated":true}]}}