{"id":463697,"date":"2025-06-01T06:38:41","date_gmt":"2025-06-01T04:38:41","guid":{"rendered":"https:\/\/lucacastelli.com\/prodotto\/maschinen-set-3\/"},"modified":"2026-04-17T10:53:21","modified_gmt":"2026-04-17T08:53:21","slug":"maschinen-set-3","status":"publish","type":"product","link":"https:\/\/lucacastelli.com\/de\/produkt\/maschinen-set-3\/","title":{"rendered":"MILWAUKEE Maschinenset"},"content":{"rendered":"<p>MX FUEL\u2122 REDLITHIUM\u2122 Akkus nutzen die leistungsst\u00e4rkste und hochwertigste Lithium-Ionen-Technologie, die aus der engen Zusammenarbeit mit f\u00fchrenden Zellherstellern entstanden ist. Milwaukee\u00ae garantiert durch kontinuierliche und strenge interne Tests optimale Leistung und Langlebigkeit f\u00fcr die h\u00e4rtesten Anwendungen. &lt;br&gt; Der \u00e4usserst kompakte und leicht zu transportierende Akkupack liefert die gleiche Leistung wie eine kabelgebundene Stromversorgung und erm\u00f6glicht Anwendungen in schwer zug\u00e4nglichen Umgebungen mit Generatoren oder fernab von Stromquellen&lt;br&gt; Die MX FUEL\u2122 REDLITHIUM\u2122 Akkus sind mit einem einzigartigen und patentierten Design ausgestattet, das sie vor versehentlichem Herunterfallen, Vibrationen, Wasser und extremen Temperaturen sch\u00fctzt&lt;br&gt; Funktioniert bis zu Temperaturen von -28,0 \u00b0C&lt;br&gt; Konstante Kommunikation zwischen Ger\u00e4t und Akku zur Bereitstellung der maximal erforderlichen Energie f\u00fcr die Anwendung und Vermeidung potenziell sch\u00e4dlicher Belastungen f\u00fcr die Ausr\u00fcstung&lt;br&gt; Geeignet f\u00fcr den Einsatz in engen Umgebungen oder mit begrenztem Aktionsradius&lt;br&gt; Neue Perspektive, jenseits der klassischen kabelgebundenen oder benzinbetriebenen Ausr\u00fcstung&lt;br&gt; Das ONE-KEY\u2122 Tracking &amp; Security System bietet einen kostenlosen cloudbasierten Bestandsverwaltungs- und Ortungsservice sowie eine Fernsperrfunktion<\/p>\n<p>BARCODE: 4058546369569<\/p>\n<p>Technische Daten<br \/>\nKeine Tasche oder Box im Lieferumfang enthalten<\/p>\n","protected":false},"excerpt":{"rendered":"<p>MX FUEL\u2122 REDLITHIUM\u2122 Akkus nutzen die leistungsst\u00e4rkste und hochwertigste Lithium-Ionen-Technologie, die aus der engen Zusammenarbeit mit f\u00fchrenden Zellherstellern entstanden ist.<\/p>\n","protected":false},"featured_media":433718,"template":"","meta":{"_seopress_robots_primary_cat":"","_seopress_titles_title":"","_seopress_titles_desc":"","_seopress_robots_index":""},"product_brand":[3656],"product_cat":[169,1449],"product_tag":[3272],"class_list":{"0":"post-463697","1":"product","2":"type-product","3":"status-publish","4":"has-post-thumbnail","6":"product_brand-milwaukee-de","7":"product_cat-maschinen","8":"product_cat-batteriesysteme-zubehor","9":"product_tag-import-milwau-de","10":"sws-gruppo-macchinari-de","11":"sws-conto-ricavi-merci-rivendita-macchinari-de","12":"sws-gruppo-iva-iva81-de","14":"first","15":"instock","16":"sale","17":"purchasable","18":"product-type-simple"},"_links":{"self":[{"href":"https:\/\/lucacastelli.com\/de\/wp-json\/wp\/v2\/product\/463697","targetHints":{"allow":["GET"]}}],"collection":[{"href":"https:\/\/lucacastelli.com\/de\/wp-json\/wp\/v2\/product"}],"about":[{"href":"https:\/\/lucacastelli.com\/de\/wp-json\/wp\/v2\/types\/product"}],"wp:featuredmedia":[{"embeddable":true,"href":"https:\/\/lucacastelli.com\/de\/wp-json\/wp\/v2\/media\/433718"}],"wp:attachment":[{"href":"https:\/\/lucacastelli.com\/de\/wp-json\/wp\/v2\/media?parent=463697"}],"wp:term":[{"taxonomy":"product_brand","embeddable":true,"href":"https:\/\/lucacastelli.com\/de\/wp-json\/wp\/v2\/product_brand?post=463697"},{"taxonomy":"product_cat","embeddable":true,"href":"https:\/\/lucacastelli.com\/de\/wp-json\/wp\/v2\/product_cat?post=463697"},{"taxonomy":"product_tag","embeddable":true,"href":"https:\/\/lucacastelli.com\/de\/wp-json\/wp\/v2\/product_tag?post=463697"}],"curies":[{"name":"wp","href":"https:\/\/api.w.org\/{rel}","templated":true}]}}